{"id":11,"date":"2024-06-29T11:12:41","date_gmt":"2024-06-29T11:12:41","guid":{"rendered":"http:\/\/xtratheme.com\/default\/?page_id=11"},"modified":"2025-06-25T15:31:00","modified_gmt":"2025-06-25T15:31:00","slug":"inspeccion-boroscopica","status":"publish","type":"page","link":"https:\/\/atmsrv01.synology.me\/wordpress\/inspeccion-boroscopica\/","title":{"rendered":"Inspeccion Borosc\u00f3pica"},"content":{"rendered":"<div class=\"wpb-content-wrapper\"><p>[vc_row equal_height=\u00bbyes\u00bb content_placement=\u00bbmiddle\u00bb][vc_column width=\u00bb1\/2&#8243;]<div class=\"cz_gap clr  hide_on_mobile\" style=\"height: 110px\"><\/div><div class=\"cz_gap show_on_mobile clr\" style=\"height: 0px\"><\/div><div id=\"cz_35082\" class=\"cz_35082 cz_title clr cz_title_pos_inline tac hide_on_mobile\"><div class=\"cz_title_shape shape_image cz_shape_1\"><img decoding=\"async\" width=\"228\" height=\"400\" src=\"https:\/\/atmsrv01.synology.me\/wordpress\/wp-content\/uploads\/2025\/05\/HOJA.png\" class=\"attachment-full\" alt=\"HOJA\" srcset=\"https:\/\/atmsrv01.synology.me\/wordpress\/wp-content\/uploads\/2025\/05\/HOJA.png 228w, https:\/\/atmsrv01.synology.me\/wordpress\/wp-content\/uploads\/2025\/05\/HOJA-171x300.png 171w, https:\/\/atmsrv01.synology.me\/wordpress\/wp-content\/uploads\/2025\/05\/HOJA-7x12.png 7w\" sizes=\"auto, (max-width: 228px) 100vw, 228px\" loading=\"lazy\" \/><\/div><div class=\"cz_title_content\"><div class=\"cz_wpe_content\"><h2 style=\"text-align: center;\">INSPECCI\u00d3N <span style=\"color: #186735;\">BOROSC\u00d3PICA<\/span><\/h2>\n<\/div><\/div><\/div><div class=\"cz_gap clr \" style=\"height: 20px\"><\/div><div id=\"cz_67995\" class=\"cz_67995 cz_title clr cz_title_pos_inline tac\"><div class=\"cz_title_content\"><div class=\"cz_wpe_content\"><p style=\"text-align: center;\"><span style=\"font-size: 20px; color: #666666;\">Realizamos inspecciones borosc\u00f3picas industriales realizads por especialistas con amplia experiencia.<\/span><\/p>\n<p style=\"text-align: center;\"><span style=\"font-size: 20px; color: #666666;\">Desde el a\u00f1o 2011 Grupo ATM cuenta con el servicio especializado de borocop\u00eda y videoscop\u00eda industrial.<\/span><\/p>\n<p>&nbsp;<\/p>\n<\/div><\/div><\/div><div class=\"cz_gap clr \" style=\"height: 40px\"><\/div>[\/vc_column][vc_column width=\u00bb1\/2&#8243;]<div id=\"cz_49434\" data-position=\"top-right\" class=\"cz_49434 cz_image clr cz_image_no_fx center_on_mobile\"><div class=\"cz_svg_bg\" ><div class=\"cz_image_in\"><div class=\"cz_main_image\"><img fetchpriority=\"high\" loading=\"eager\" decoding=\"sync\" data-no-lazy=\"1\" width=\"776\" height=\"408\" src=\"https:\/\/atmsrv01.synology.me\/wordpress\/wp-content\/uploads\/2025\/05\/inspeccion.jpg\" class=\"attachment-full\" alt=\"Inspeccion\" title=\"inspeccion\" srcset=\"https:\/\/atmsrv01.synology.me\/wordpress\/wp-content\/uploads\/2025\/05\/inspeccion.jpg 776w, https:\/\/atmsrv01.synology.me\/wordpress\/wp-content\/uploads\/2025\/05\/inspeccion-300x158.jpg 300w, https:\/\/atmsrv01.synology.me\/wordpress\/wp-content\/uploads\/2025\/05\/inspeccion-768x404.jpg 768w, https:\/\/atmsrv01.synology.me\/wordpress\/wp-content\/uploads\/2025\/05\/inspeccion-600x315.jpg 600w\" sizes=\"(max-width: 776px) 100vw, 776px\"  \/><\/div><\/div><\/div><\/div>[\/vc_column][\/vc_row][vc_row][vc_column]<div class=\"cz_gap clr  hide_on_mobile\" style=\"height: 80px\"><\/div><div class=\"cz_gap show_on_mobile clr\" style=\"height: 50px\"><\/div>[\/vc_column][\/vc_row][vc_row full_width=\u00bbstretch_row\u00bb css=\u00bb.vc_custom_1747185625606{background-color: #F4F4F4 !important;}\u00bb][vc_column width=\u00bb1\/2&#8243;]<div class=\"cz_gap clr  hide_on_mobile\" style=\"height: 40px\"><\/div><div class=\"cz_gap show_on_mobile clr\" style=\"height: 50px\"><\/div><div id=\"cz_108656\" class=\"cz_108656 cz_title clr cz_title_pos_inline\"><div class=\"cz_title_content\"><div class=\"cz_wpe_content\"><p><strong><span style=\"font-size: 16px; color: #666666;\">Servicio<\/span><\/strong><\/p>\n<p style=\"text-align: justify;\"><span style=\"font-size: 16px; color: #666666;\">La inspecci\u00f3n con boroscopio industrial es una aplicaci\u00f3n tecnol\u00f3gica con muchas ventajas, por un lado, se evita el desmontaje o la realizaci\u00f3n de obras para acceder a la zona que se desea inspeccionar, esto por un lado reduce costos econ\u00f3micos y tambi\u00e9n el impacto de agentes externos como polvo, agentes corrosivos e inhabilitaci\u00f3n de las zonas donde se debe intervenir, situaci\u00f3n especialmente valorada por los productores de energ\u00eda.<\/span><\/p>\n<\/div><\/div><\/div><div class=\"cz_gap clr  hide_on_mobile\" style=\"height: 40px\"><\/div><div class=\"cz_gap show_on_mobile clr\" style=\"height: 20px\"><\/div>[\/vc_column][vc_column width=\u00bb1\/2&#8243;]<div class=\"cz_gap clr  hide_on_mobile\" style=\"height: 40px\"><\/div><div class=\"cz_gap show_on_mobile clr\" style=\"height: 0px\"><\/div><div id=\"cz_13654\" class=\"cz_13654 cz_title clr cz_title_pos_inline\"><div class=\"cz_title_content\"><div class=\"cz_wpe_content\"><p><strong><span style=\"font-size: 16px; color: #666666;\">Tipos de trabajo<\/span><\/strong><\/p>\n<p style=\"text-align: justify;\"><span style=\"font-size: 16px; color: #666666;\">La inspecci\u00f3n por boroscopio es una pr\u00e1ctica que se realiza tanto en auditor\u00edas t\u00e9cnicas como en tareas de mantenimiento predictivo rutinario.<\/span><\/p>\n<\/div><\/div><\/div><div class=\"cz_gap clr  hide_on_mobile\" style=\"height: 20px\"><\/div><div class=\"cz_gap show_on_mobile clr\" style=\"height: 50px\"><\/div><div id=\"cz_69010\" class=\"cz_69010 cz_title clr cz_title_pos_inline\"><div class=\"cz_title_content\"><div class=\"cz_wpe_content\"><p><strong><span style=\"font-size: 16px; color: #666666;\">Nuestro enfoque<\/span><\/strong><\/p>\n<p style=\"text-align: justify;\"><span style=\"font-size: 16px; color: #666666;\">El boroscopio es sin duda una herramienta imprescindible para realizar trabajos de inspecci\u00f3n en las partes internas de determinadas m\u00e1quinas sin realizar grandes desmontajes, lo que permite una reducci\u00f3n considerable de costos para nuestros clientes.<\/span><\/p>\n<\/div><\/div><\/div><div class=\"cz_gap clr  hide_on_mobile\" style=\"height: 40px\"><\/div><div class=\"cz_gap show_on_mobile clr\" style=\"height: 50px\"><\/div>[\/vc_column][\/vc_row][vc_row][vc_column]<div class=\"cz_gap clr  hide_on_mobile\" style=\"height: 30px\"><\/div><div class=\"cz_gap show_on_mobile clr\" style=\"height: 50px\"><\/div><div id=\"cz4293\" class=\"cz4293 slick arrows_mlr no_dots arrows_inner\" data-slick='{\"selector\":\"\",\"slidesToShow\":3,\"slidesToScroll\":1,\"rows\":1,\"fade\":false,\"vertical\":false,\"verticalSwiping\":false,\"infinite\":false,\"speed\":1000,\"swipeToSlide\":true,\"centerMode\":false,\"centerPadding\":\"\",\"variableWidth\":false,\"autoplay\":true,\"autoplaySpeed\":4000,\"dots\":true,\"counts\":false,\"responsive\":[{\"breakpoint\":769,\"settings\":{\"slidesToShow\":2,\"slidesToScroll\":1,\"infinite\":true,\"touchMove\":true}},{\"breakpoint\":481,\"settings\":{\"slidesToShow\":1,\"slidesToScroll\":1,\"infinite\":true,\"touchMove\":true}}]}' data-slick-prev=\"fa fa-chevron-left\" data-slick-next=\"fa fa-chevron-right\"><div id=\"cz_12495\" class=\"cz_grid_p cz_12495\"><div class=\"cz_grid cz_grid_1 clr cz_grid_carousel cz_grid_1_no_title cz_grid_1_mid tac cz_grid_1_no_title\"><div class=\"cz_grid_item cz_grid_first\"><\/div><div class=\"cz_grid_item \"><div data-title=\"Y003511\"><a class=\"cz_grid_link \" href=\"https:\/\/atmsrv01.synology.me\/wordpress\/wp-content\/uploads\/2025\/05\/100IPLEX_00013.jpg\" data-xtra-lightbox><img decoding=\"async\" class=\"\" src=\"https:\/\/atmsrv01.synology.me\/wordpress\/wp-content\/uploads\/2025\/05\/100IPLEX_00013-300x200.jpg\" width=\"300\" height=\"200\" alt=\"Y003511\" title=\"Y003511\" loading=\"lazy\" \/><div class=\"cz_grid_details\"><i class=\"fa fa-search cz_grid_icon\"><\/i><\/div><\/a><\/div><\/div><div class=\"cz_grid_item \"><div data-title=\"Y003511\"><a class=\"cz_grid_link \" href=\"https:\/\/atmsrv01.synology.me\/wordpress\/wp-content\/uploads\/2025\/05\/100IPLEX_00029.jpg\" data-xtra-lightbox><img decoding=\"async\" class=\"\" src=\"https:\/\/atmsrv01.synology.me\/wordpress\/wp-content\/uploads\/2025\/05\/100IPLEX_00029-300x200.jpg\" width=\"300\" height=\"200\" alt=\"Y003511\" title=\"Y003511\" loading=\"lazy\" \/><div class=\"cz_grid_details\"><i class=\"fa fa-search cz_grid_icon\"><\/i><\/div><\/a><\/div><\/div><div class=\"cz_grid_item \"><div data-title=\"inspeccion\"><a class=\"cz_grid_link \" href=\"https:\/\/atmsrv01.synology.me\/wordpress\/wp-content\/uploads\/2025\/05\/inspeccion.jpg\" data-xtra-lightbox><img decoding=\"async\" class=\"\" src=\"https:\/\/atmsrv01.synology.me\/wordpress\/wp-content\/uploads\/2025\/05\/inspeccion-300x200.jpg\" width=\"300\" height=\"200\" alt=\"inspeccion\" title=\"inspeccion\" loading=\"lazy\" \/><div class=\"cz_grid_details\"><i class=\"fa fa-search cz_grid_icon\"><\/i><\/div><\/a><\/div><\/div><\/div><\/div><\/div><div data-cz-style='#cz4293 .slick-list{margin: 0 -5px;clip-path:inset(0 calc(5px - 1px))}#cz4293 .slick-slide{margin: 0 5px}'><\/div><div class=\"cz_gap clr  hide_on_mobile\" style=\"height: 30px\"><\/div><div class=\"cz_gap show_on_mobile clr\" style=\"height: 50px\"><\/div>[\/vc_column][\/vc_row][vc_row full_width=\u00bbstretch_row\u00bb css=\u00bb.vc_custom_1747186871379{background-image: url(https:\/\/atmsrv01.synology.me\/wordpress\/wp-content\/uploads\/2019\/09\/slide1.jpg?id=1249) !important;}\u00bb][vc_column]<div id=\"cz_108337\" class=\"cz_108337 cz_title clr cz_title_pos_inline\"><div class=\"cz_title_content\"><div class=\"cz_wpe_content\"><p style=\"text-align: justify;\"><strong><span style=\"font-size: 20px; color: #ffffff;\">Se usa no s\u00f3lo en tareas de mantenimiento predictivo rutinario, sino tambi\u00e9n en auditorias t\u00e9cnicas, para determinar el estado interno del equipo ante una operaci\u00f3n de compra, de evaluaci\u00f3n de una empresa contratista o del estado de una instalaci\u00f3n para acometer una ampliaci\u00f3n o renovaci\u00f3n de equipos<\/span><\/strong><\/p>\n<\/div><\/div><\/div>[\/vc_column][\/vc_row]<\/p>\n<\/div>","protected":false},"excerpt":{"rendered":"[vc_row equal_height=\"yes\" content_placement=\"middle\"][vc_column width=\"1\/2\"]INSPECCI\u00d3N BOROSC\u00d3PICA Realizamos inspecciones borosc\u00f3picas industriales realizads por especialistas con amplia experiencia. Desde el a\u00f1o 2011 Grupo","protected":false},"author":2,"featured_media":0,"parent":0,"menu_order":0,"comment_status":"closed","ping_status":"closed","template":"","meta":{"footnotes":""},"class_list":["post-11","page","type-page","status-publish","hentry"],"_links":{"self":[{"href":"https:\/\/atmsrv01.synology.me\/wordpress\/wp-json\/wp\/v2\/pages\/11","targetHints":{"allow":["GET"]}}],"collection":[{"href":"https:\/\/atmsrv01.synology.me\/wordpress\/wp-json\/wp\/v2\/pages"}],"about":[{"href":"https:\/\/atmsrv01.synology.me\/wordpress\/wp-json\/wp\/v2\/types\/page"}],"author":[{"embeddable":true,"href":"https:\/\/atmsrv01.synology.me\/wordpress\/wp-json\/wp\/v2\/users\/2"}],"replies":[{"embeddable":true,"href":"https:\/\/atmsrv01.synology.me\/wordpress\/wp-json\/wp\/v2\/comments?post=11"}],"version-history":[{"count":38,"href":"https:\/\/atmsrv01.synology.me\/wordpress\/wp-json\/wp\/v2\/pages\/11\/revisions"}],"predecessor-version":[{"id":2129,"href":"https:\/\/atmsrv01.synology.me\/wordpress\/wp-json\/wp\/v2\/pages\/11\/revisions\/2129"}],"wp:attachment":[{"href":"https:\/\/atmsrv01.synology.me\/wordpress\/wp-json\/wp\/v2\/media?parent=11"}],"curies":[{"name":"wp","href":"https:\/\/api.w.org\/{rel}","templated":true}]}}