{"id":1694,"date":"2025-05-14T01:50:55","date_gmt":"2025-05-14T01:50:55","guid":{"rendered":"https:\/\/atmsrv01.synology.me\/wordpress\/?page_id=1694"},"modified":"2025-06-25T15:13:39","modified_gmt":"2025-06-25T15:13:39","slug":"servicios-y-repuestos-para-motores-reciprocos","status":"publish","type":"page","link":"https:\/\/atmsrv01.synology.me\/wordpress\/servicios-y-repuestos-para-motores-reciprocos\/","title":{"rendered":"Servicios y repuestos para motores rec\u00edprocos"},"content":{"rendered":"<div class=\"wpb-content-wrapper\"><p>[vc_row equal_height=\u00bbyes\u00bb content_placement=\u00bbmiddle\u00bb][vc_column width=\u00bb1\/2&#8243;]<div class=\"cz_gap clr  hide_on_mobile\" style=\"height: 110px\"><\/div><div class=\"cz_gap show_on_mobile clr\" style=\"height: 10px\"><\/div><div id=\"cz_96534\" class=\"cz_96534 cz_title clr cz_title_pos_inline tac hide_on_tablet hide_on_mobile show_on_desktop\"><div class=\"cz_title_shape shape_image cz_shape_1\"><img decoding=\"async\" width=\"228\" height=\"400\" src=\"https:\/\/atmsrv01.synology.me\/wordpress\/wp-content\/uploads\/2025\/05\/HOJA.png\" class=\"attachment-full\" alt=\"HOJA\" srcset=\"https:\/\/atmsrv01.synology.me\/wordpress\/wp-content\/uploads\/2025\/05\/HOJA.png 228w, https:\/\/atmsrv01.synology.me\/wordpress\/wp-content\/uploads\/2025\/05\/HOJA-171x300.png 171w, https:\/\/atmsrv01.synology.me\/wordpress\/wp-content\/uploads\/2025\/05\/HOJA-7x12.png 7w\" sizes=\"auto, (max-width: 228px) 100vw, 228px\" loading=\"lazy\" \/><\/div><div class=\"cz_title_content\"><div class=\"cz_wpe_content\"><h2 style=\"text-align: center; text-transform: uppercase;\">Servicios y repuestos<\/h2>\n<h2 style=\"text-align: center; text-transform: uppercase;\"><span style=\"color: #186735;\">para motores rec\u00edprocos<\/span><\/h2>\n<\/div><\/div><\/div><div id=\"cz_44200\" class=\"cz_44200 cz_title clr cz_title_pos_inline tac\"><div class=\"cz_title_content\"><div class=\"cz_wpe_content\"><p style=\"text-align: center;\"><span style=\"font-size: 20px; color: #666666;\">Grupo ATM cuenta con una amplia gama de repuestos con entrega oportuna en cualquier parte del mundo.<\/span><\/p>\n<p>&nbsp;<\/p>\n<\/div><\/div><\/div><div class=\"cz_gap clr  hide_on_mobile\" style=\"height: 20px\"><\/div><div class=\"cz_gap show_on_mobile clr\" style=\"height: 50px\"><\/div>[\/vc_column][vc_column width=\u00bb1\/2&#8243;]<div id=\"cz_74855\" data-position=\"top-right\" class=\"cz_74855 cz_image clr cz_image_no_fx center_on_mobile\"><div class=\"cz_svg_bg\" ><div class=\"cz_image_in\"><div class=\"cz_main_image\"><img fetchpriority=\"high\" loading=\"eager\" decoding=\"sync\" data-no-lazy=\"1\" width=\"776\" height=\"408\" src=\"https:\/\/atmsrv01.synology.me\/wordpress\/wp-content\/uploads\/2025\/05\/servicios-y-repuestos.jpg\" class=\"attachment-full\" alt=\"Servicios y repuestos\" title=\"servicios-y-repuestos\" srcset=\"https:\/\/atmsrv01.synology.me\/wordpress\/wp-content\/uploads\/2025\/05\/servicios-y-repuestos.jpg 776w, https:\/\/atmsrv01.synology.me\/wordpress\/wp-content\/uploads\/2025\/05\/servicios-y-repuestos-300x158.jpg 300w, https:\/\/atmsrv01.synology.me\/wordpress\/wp-content\/uploads\/2025\/05\/servicios-y-repuestos-768x404.jpg 768w, https:\/\/atmsrv01.synology.me\/wordpress\/wp-content\/uploads\/2025\/05\/servicios-y-repuestos-600x315.jpg 600w\" sizes=\"(max-width: 776px) 100vw, 776px\"  \/><\/div><\/div><\/div><\/div>[\/vc_column][\/vc_row][vc_row][vc_column]<div class=\"cz_gap clr  hide_on_mobile\" style=\"height: 80px\"><\/div><div class=\"cz_gap show_on_mobile clr\" style=\"height: 50px\"><\/div>[\/vc_column][\/vc_row][vc_row full_width=\u00bbstretch_row\u00bb css=\u00bb.vc_custom_1747185625606{background-color: #F4F4F4 !important;}\u00bb][vc_column width=\u00bb1\/2&#8243;]<div class=\"cz_gap clr  hide_on_mobile\" style=\"height: 40px\"><\/div><div class=\"cz_gap show_on_mobile clr\" style=\"height: 50px\"><\/div><div id=\"cz_41266\" class=\"cz_41266 cz_title clr cz_title_pos_inline\"><div class=\"cz_title_content\"><div class=\"cz_wpe_content\"><p style=\"text-align: justify;\"><span style=\"font-size: 16px; color: #666666;\"><strong>Servicios<\/strong><br \/>\nEl Grupo ATM tiene una amplia experiencia en el mantenimiento de motores rec\u00edprocos de alta potencia, desde 3 Mw hasta 25 Mw por unidad, funcionando con HFO, di\u00e9sel o gas.<\/span><\/p>\n<\/div><\/div><\/div>[\/vc_column][vc_column width=\u00bb1\/2&#8243;]<div class=\"cz_gap clr  hide_on_mobile\" style=\"height: 40px\"><\/div><div class=\"cz_gap show_on_mobile clr\" style=\"height: 50px\"><\/div><div id=\"cz_98135\" class=\"cz_98135 cz_title clr cz_title_pos_inline\"><div class=\"cz_title_content\"><div class=\"cz_wpe_content\"><p style=\"text-align: justify;\"><span style=\"font-size: 16px; color: #666666;\"><strong>Nuestro enfoque<\/strong><br \/>\nGrupo ATM tiene alianzas de colaboraci\u00f3n con el primer fabricante a nivel mundial de componentes de inyecci\u00f3n para motores a di\u00e9sel.<\/span><\/p>\n<\/div><\/div><\/div>[\/vc_column][\/vc_row][vc_row full_width=\u00bbstretch_row\u00bb css=\u00bb.vc_custom_1747187823971{background-color: #F4F4F4 !important;}\u00bb][vc_column]<div class=\"cz_gap clr  hide_on_mobile\" style=\"height: 40px\"><\/div><div class=\"cz_gap show_on_mobile clr\" style=\"height: 50px\"><\/div><div id=\"cz_107061\" class=\"cz_107061 cz_title clr cz_title_pos_inline\"><div class=\"cz_title_content\"><div class=\"cz_wpe_content\"><p style=\"text-align: justify;\"><span style=\"font-size: 16px; color: #666666;\"><strong>Repuestos<br \/>\n<\/strong>Estamos en condiciones de proveer de todos los repuestos en calidad OEM para la mayor parte de motores W\u00e4rtsil\u00e4 o MAN, con alta experiencia en motores Sulzer ZAV40.<\/span><\/p>\n<\/div><\/div><\/div><div class=\"cz_gap clr  hide_on_mobile\" style=\"height: 30px\"><\/div><div class=\"cz_gap show_on_mobile clr\" style=\"height: 50px\"><\/div><div id=\"cz_53764\" class=\"cz_grid_p cz_53764\"><div class=\"cz_grid cz_grid_1 clr cz_grid_c4 cz_grid_1_no_title cz_grid_1_mid tac cz_grid_1_no_title\"><div class=\"cz_grid_item cz_grid_first\"><\/div><div class=\"cz_grid_item \"><div data-title=\"Motor1 (1)\"><a class=\"cz_grid_link \" href=\"https:\/\/atmsrv01.synology.me\/wordpress\/wp-content\/uploads\/2025\/05\/Motor1-1.jpg\" data-xtra-lightbox><img decoding=\"async\" class=\"\" src=\"https:\/\/atmsrv01.synology.me\/wordpress\/wp-content\/uploads\/2025\/05\/Motor1-1-300x200.jpg\" width=\"300\" height=\"200\" alt=\"Motor1 (1)\" title=\"Motor1 (1)\" loading=\"lazy\" \/><div class=\"cz_grid_details\"><i class=\"fa fa-search cz_grid_icon\"><\/i><\/div><\/a><\/div><\/div><div class=\"cz_grid_item \"><div data-title=\"Motor2\"><a class=\"cz_grid_link \" href=\"https:\/\/atmsrv01.synology.me\/wordpress\/wp-content\/uploads\/2025\/05\/Motor2.jpg\" data-xtra-lightbox><img decoding=\"async\" class=\"\" src=\"https:\/\/atmsrv01.synology.me\/wordpress\/wp-content\/uploads\/2025\/05\/Motor2-300x200.jpg\" width=\"300\" height=\"200\" alt=\"Motor2\" title=\"Motor2\" loading=\"lazy\" \/><div class=\"cz_grid_details\"><i class=\"fa fa-search cz_grid_icon\"><\/i><\/div><\/a><\/div><\/div><div class=\"cz_grid_item \"><div data-title=\"Motor3\"><a class=\"cz_grid_link \" href=\"https:\/\/atmsrv01.synology.me\/wordpress\/wp-content\/uploads\/2025\/05\/Motor3.jpg\" data-xtra-lightbox><img decoding=\"async\" class=\"\" src=\"https:\/\/atmsrv01.synology.me\/wordpress\/wp-content\/uploads\/2025\/05\/Motor3-300x200.jpg\" width=\"300\" height=\"200\" alt=\"Motor3\" title=\"Motor3\" loading=\"lazy\" \/><div class=\"cz_grid_details\"><i class=\"fa fa-search cz_grid_icon\"><\/i><\/div><\/a><\/div><\/div><div class=\"cz_grid_item \"><div data-title=\"Motor4\"><a class=\"cz_grid_link \" href=\"https:\/\/atmsrv01.synology.me\/wordpress\/wp-content\/uploads\/2025\/05\/Motor4.jpg\" data-xtra-lightbox><img decoding=\"async\" class=\"\" src=\"https:\/\/atmsrv01.synology.me\/wordpress\/wp-content\/uploads\/2025\/05\/Motor4-300x200.jpg\" width=\"300\" height=\"200\" alt=\"Motor4\" title=\"Motor4\" loading=\"lazy\" \/><div class=\"cz_grid_details\"><i class=\"fa fa-search cz_grid_icon\"><\/i><\/div><\/a><\/div><\/div><\/div><\/div><div class=\"cz_gap clr  hide_on_mobile\" style=\"height: 30px\"><\/div><div class=\"cz_gap show_on_mobile clr\" style=\"height: 50px\"><\/div>[\/vc_column][\/vc_row]<\/p>\n<\/div>","protected":false},"excerpt":{"rendered":"[vc_row equal_height=\"yes\" content_placement=\"middle\"][vc_column width=\"1\/2\"]Servicios y repuestos para motores rec\u00edprocos Grupo ATM cuenta con una amplia gama de repuestos con entrega","protected":false},"author":2,"featured_media":0,"parent":0,"menu_order":0,"comment_status":"closed","ping_status":"closed","template":"","meta":{"footnotes":""},"class_list":["post-1694","page","type-page","status-publish","hentry"],"_links":{"self":[{"href":"https:\/\/atmsrv01.synology.me\/wordpress\/wp-json\/wp\/v2\/pages\/1694","targetHints":{"allow":["GET"]}}],"collection":[{"href":"https:\/\/atmsrv01.synology.me\/wordpress\/wp-json\/wp\/v2\/pages"}],"about":[{"href":"https:\/\/atmsrv01.synology.me\/wordpress\/wp-json\/wp\/v2\/types\/page"}],"author":[{"embeddable":true,"href":"https:\/\/atmsrv01.synology.me\/wordpress\/wp-json\/wp\/v2\/users\/2"}],"replies":[{"embeddable":true,"href":"https:\/\/atmsrv01.synology.me\/wordpress\/wp-json\/wp\/v2\/comments?post=1694"}],"version-history":[{"count":22,"href":"https:\/\/atmsrv01.synology.me\/wordpress\/wp-json\/wp\/v2\/pages\/1694\/revisions"}],"predecessor-version":[{"id":2110,"href":"https:\/\/atmsrv01.synology.me\/wordpress\/wp-json\/wp\/v2\/pages\/1694\/revisions\/2110"}],"wp:attachment":[{"href":"https:\/\/atmsrv01.synology.me\/wordpress\/wp-json\/wp\/v2\/media?parent=1694"}],"curies":[{"name":"wp","href":"https:\/\/api.w.org\/{rel}","templated":true}]}}