{"id":1728,"date":"2025-05-14T14:16:00","date_gmt":"2025-05-14T14:16:00","guid":{"rendered":"https:\/\/atmsrv01.synology.me\/wordpress\/?page_id=1728"},"modified":"2025-06-25T15:28:48","modified_gmt":"2025-06-25T15:28:48","slug":"instrumentacion-y-control","status":"publish","type":"page","link":"https:\/\/atmsrv01.synology.me\/wordpress\/instrumentacion-y-control\/","title":{"rendered":"Instrumentaci\u00f3n y control"},"content":{"rendered":"<div class=\"wpb-content-wrapper\"><p>[vc_row equal_height=\u00bbyes\u00bb content_placement=\u00bbmiddle\u00bb][vc_column width=\u00bb1\/2&#8243;]<div class=\"cz_gap clr  hide_on_mobile\" style=\"height: 110px\"><\/div><div class=\"cz_gap show_on_mobile clr\" style=\"height: 0px\"><\/div><div id=\"cz_22924\" class=\"cz_22924 cz_title clr cz_title_pos_inline tac hide_on_mobile\"><div class=\"cz_title_shape shape_image cz_shape_1\"><img decoding=\"async\" width=\"228\" height=\"400\" src=\"https:\/\/atmsrv01.synology.me\/wordpress\/wp-content\/uploads\/2025\/05\/HOJA.png\" class=\"attachment-full\" alt=\"HOJA\" srcset=\"https:\/\/atmsrv01.synology.me\/wordpress\/wp-content\/uploads\/2025\/05\/HOJA.png 228w, https:\/\/atmsrv01.synology.me\/wordpress\/wp-content\/uploads\/2025\/05\/HOJA-171x300.png 171w, https:\/\/atmsrv01.synology.me\/wordpress\/wp-content\/uploads\/2025\/05\/HOJA-7x12.png 7w\" sizes=\"auto, (max-width: 228px) 100vw, 228px\" loading=\"lazy\" \/><\/div><div class=\"cz_title_content\"><div class=\"cz_wpe_content\"><h2 style=\"text-align: center; text-transform: uppercase;\">Instrumentaci\u00f3n y<\/h2>\n<h2 style=\"text-align: center; text-transform: uppercase;\"><span style=\"color: #186735;\">control<\/span><\/h2>\n<\/div><\/div><\/div><div class=\"cz_gap clr \" style=\"height: 20px\"><\/div><div id=\"cz_83665\" class=\"cz_83665 cz_title clr cz_title_pos_inline tac\"><div class=\"cz_title_content\"><div class=\"cz_wpe_content\"><p style=\"text-align: center;\"><span style=\"font-size: 20px; color: #666666;\">La instrumentaci\u00f3n y control de procesos industriales es fundamental para la eficiencia y desarrollo de la industria. La implementaci\u00f3n de sistemas de I&amp;C permite mejorar la calidad, la seguridad y la eficiencia de los procesos productivos (poner esto despu\u00e9s del t\u00edtulo de INSTRUMENTACI\u00d3N Y CONTROL)<br \/>\n<\/span><\/p>\n<p>&nbsp;<\/p>\n<\/div><\/div><\/div><div class=\"cz_gap clr \" style=\"height: 40px\"><\/div>[\/vc_column][vc_column width=\u00bb1\/2&#8243;]<div class=\"cz_gap clr \" style=\"height: 60px\"><\/div><div id=\"cz_22806\" data-position=\"top-right\" class=\"cz_22806 cz_image clr cz_image_no_fx center_on_mobile\"><div class=\"cz_svg_bg\" ><div class=\"cz_image_in\"><div class=\"cz_main_image\"><img fetchpriority=\"high\" loading=\"eager\" decoding=\"sync\" data-no-lazy=\"1\" width=\"780\" height=\"408\" src=\"https:\/\/atmsrv01.synology.me\/wordpress\/wp-content\/uploads\/2025\/05\/2-1.jpg\" class=\"attachment-full\" alt=\"2 1\" title=\"\" srcset=\"https:\/\/atmsrv01.synology.me\/wordpress\/wp-content\/uploads\/2025\/05\/2-1.jpg 780w, https:\/\/atmsrv01.synology.me\/wordpress\/wp-content\/uploads\/2025\/05\/2-1-300x157.jpg 300w, https:\/\/atmsrv01.synology.me\/wordpress\/wp-content\/uploads\/2025\/05\/2-1-768x402.jpg 768w, https:\/\/atmsrv01.synology.me\/wordpress\/wp-content\/uploads\/2025\/05\/2-1-600x314.jpg 600w\" sizes=\"(max-width: 780px) 100vw, 780px\"  \/><\/div><\/div><\/div><\/div><div class=\"cz_gap clr \" style=\"height: 60px\"><\/div>[\/vc_column][\/vc_row][vc_row full_width=\u00bbstretch_row\u00bb css=\u00bb.vc_custom_1747185625606{background-color: #F4F4F4 !important;}\u00bb][vc_column width=\u00bb2\/3&#8243;]<div class=\"cz_gap clr  hide_on_mobile\" style=\"height: 40px\"><\/div><div class=\"cz_gap show_on_mobile clr\" style=\"height: 50px\"><\/div><div id=\"cz_23971\" class=\"cz_23971 cz_title clr cz_title_pos_inline\"><div class=\"cz_title_content\"><div class=\"cz_wpe_content\"><p style=\"text-align: justify;\"><span style=\"font-size: 16px; color: #666666;\"><span style=\"font-size: 19px;\"><strong>Sistemas de control<\/strong><\/span><\/span><\/p>\n<p style=\"text-align: justify;\"><span style=\"font-size: 16px; color: #666666;\"><br \/>\nNuestra empresa cuenta con ingenieros capacitados en el dise\u00f1o, programaci\u00f3n, puesta en marcha y mantenimiento de una amplia gama de Sistemas de Control, DCS y PLC tales como GE (Mark V, Mark VI, Mark IV, Mark II, PACSiystem, RX3i, Proficy, MicroRec, etc), Allen Bradley (PLC5, SLC500, ControlLogix, CompactLogix, PanelView, FlexIO, ControlNet, DeviceNet, EthernetIP, etc), Schneider (M340, Quantum, TSX, Magelis, etc.), Siemens (LOGO, S7, etc), Bailey 7000, Mitsubishi (Diasys, Netmation), Hitachi, OMRON.<\/span><\/p>\n<p>&nbsp;<\/p>\n<p style=\"text-align: justify;\"><span style=\"font-size: 16px; color: #666666;\">Contamos con los algoritmos espec\u00edficos desarrollados y testeados durante a\u00f1os en procesos tales como: Turbinas de Gas y vapor, BOP, Plantas de tratamiento de agua, Transporte de Harinas, Acerias, Procesos Batch, Procesos secuenciales, Sistemas de Incendio, Sistemas simples de Bombas y v\u00e1lvulas, etc.<\/span><\/p>\n<p>&nbsp;<\/p>\n<p style=\"text-align: justify;\"><span style=\"font-size: 16px; color: #666666;\">Nuestro laboratorio de control esta equipado con todas las herramientas de software necesarias para la implementaci\u00f3n de dichos algoritmos en los sistemas integrados con los PLC y DCS antes descritos. Podemos hacer que cualquier algoritmos de proceso corra sobre la plataforma que elija el cliente.<br \/>\n<\/span><\/p>\n<p>&nbsp;<\/p>\n<\/div><\/div><\/div><div class=\"cz_gap clr  hide_on_mobile\" style=\"height: 40px\"><\/div><div class=\"cz_gap show_on_mobile clr\" style=\"height: 20px\"><\/div>[\/vc_column][vc_column width=\u00bb1\/3&#8243;]<div class=\"cz_gap clr  hide_on_mobile\" style=\"height: 40px\"><\/div><div class=\"cz_gap show_on_mobile clr\" style=\"height: 0px\"><\/div><div id=\"cz_71686\" data-position=\"top-right\" class=\"cz_71686 cz_image clr cz_image_no_fx center_on_mobile\"><div class=\"cz_svg_bg\" ><div class=\"cz_image_in\"><div class=\"cz_main_image\"><img decoding=\"async\" width=\"512\" height=\"677\" src=\"https:\/\/atmsrv01.synology.me\/wordpress\/wp-content\/uploads\/2025\/05\/1-1.jpg\" class=\"attachment-full\" alt=\"1 1\" title=\"\" srcset=\"https:\/\/atmsrv01.synology.me\/wordpress\/wp-content\/uploads\/2025\/05\/1-1.jpg 512w, https:\/\/atmsrv01.synology.me\/wordpress\/wp-content\/uploads\/2025\/05\/1-1-227x300.jpg 227w\" sizes=\"auto, (max-width: 512px) 100vw, 512px\" loading=\"lazy\" \/><\/div><\/div><\/div><\/div><div class=\"cz_gap clr  hide_on_mobile\" style=\"height: 40px\"><\/div><div class=\"cz_gap show_on_mobile clr\" style=\"height: 50px\"><\/div>[\/vc_column][\/vc_row][vc_row full_width=\u00bbstretch_row\u00bb][vc_column width=\u00bb2\/3&#8243;]<div class=\"cz_gap clr  hide_on_mobile\" style=\"height: 40px\"><\/div><div class=\"cz_gap show_on_mobile clr\" style=\"height: 50px\"><\/div><div id=\"cz_28248\" class=\"cz_28248 cz_title clr cz_title_pos_inline\"><div class=\"cz_title_content\"><div class=\"cz_wpe_content\"><p style=\"text-align: justify;\"><span style=\"font-size: 16px; color: #666666;\"><span style=\"font-size: 19px;\"><strong>Instrumentaci\u00f3n<\/strong><\/span><\/span><\/p>\n<p style=\"text-align: justify;\"><span style=\"font-size: 16px; color: #666666;\"><br \/>\nBrindamos servicios de calibraci\u00f3n de instrumentos, instalaci\u00f3n, mantenimiento y reparaci\u00f3n. Tenemos la instrumentaci\u00f3n y el personal adecuado para ejecutar procedimientos de calibraci\u00f3n de mediciones de Presi\u00f3n (Tx y Presostatos con rangos desde menos de 1 Bar hasta 300 Bar) , Nivel (continuo y discreto), Temperatura (Termocuplas, PT100, Termostatos hasta 660 \u00baC), Anal\u00edticos, Caudal, Sistemas de extinci\u00f3n de incendios, etc.<\/span><\/p>\n<p>&nbsp;<\/p>\n<p style=\"text-align: justify;\"><span style=\"font-size: 16px; color: #666666;\">Nuestro laboratorio de control esta equipado con todas las herramientas de software necesarias para el desarrollo de los PLC y DCS antes descritos y contamos con experiencia de programaci\u00f3n, desarrollo e implementaci\u00f3n de sistemas de automatizaci\u00f3n en procesos varios (Turbinas, BOP, Plantas de tratamiento de agua, transporte de harinas, Acerias, etc). <\/span><\/p>\n<p>&nbsp;<\/p>\n<p style=\"text-align: justify;\"><span style=\"font-size: 16px; color: #666666;\">Contamos con calibradores de proceso que nos permiten comunicaci\u00f3n HART as\u00ed como tambi\u00e9n anal\u00f3gica (4 a 20mA) con todo tipo de dispositivo de medici\u00f3n antiguo y moderno<br \/>\n<\/span><\/p>\n<p>&nbsp;<\/p>\n<p>&nbsp;<\/p>\n<\/div><\/div><\/div><div class=\"cz_gap clr  hide_on_mobile\" style=\"height: 40px\"><\/div><div class=\"cz_gap show_on_mobile clr\" style=\"height: 20px\"><\/div>[\/vc_column][vc_column width=\u00bb1\/3&#8243;]<div class=\"cz_gap clr  hide_on_mobile\" style=\"height: 40px\"><\/div><div class=\"cz_gap show_on_mobile clr\" style=\"height: 0px\"><\/div><div id=\"cz_86859\" data-position=\"top-right\" class=\"cz_86859 cz_image clr cz_image_no_fx center_on_mobile\"><div class=\"cz_svg_bg\" ><div class=\"cz_image_in\"><div class=\"cz_main_image\"><img decoding=\"async\" width=\"512\" height=\"677\" src=\"https:\/\/atmsrv01.synology.me\/wordpress\/wp-content\/uploads\/2025\/05\/5.jpg\" class=\"attachment-full\" alt=\"5\" title=\"\" srcset=\"https:\/\/atmsrv01.synology.me\/wordpress\/wp-content\/uploads\/2025\/05\/5.jpg 512w, https:\/\/atmsrv01.synology.me\/wordpress\/wp-content\/uploads\/2025\/05\/5-227x300.jpg 227w\" sizes=\"auto, (max-width: 512px) 100vw, 512px\" loading=\"lazy\" \/><\/div><\/div><\/div><\/div><div class=\"cz_gap clr  hide_on_mobile\" style=\"height: 40px\"><\/div><div class=\"cz_gap show_on_mobile clr\" style=\"height: 50px\"><\/div>[\/vc_column][\/vc_row][vc_row full_width=\u00bbstretch_row\u00bb css=\u00bb.vc_custom_1747185625606{background-color: #F4F4F4 !important;}\u00bb][vc_column width=\u00bb2\/3&#8243;]<div class=\"cz_gap clr  hide_on_mobile\" style=\"height: 40px\"><\/div><div class=\"cz_gap show_on_mobile clr\" style=\"height: 50px\"><\/div><div id=\"cz_84181\" class=\"cz_84181 cz_title clr cz_title_pos_inline\"><div class=\"cz_title_content\"><div class=\"cz_wpe_content\"><p style=\"text-align: justify;\"><span style=\"font-size: 16px; color: #666666;\"><span style=\"font-size: 19px;\"><strong>Scada<\/strong><\/span><\/span><\/p>\n<p style=\"text-align: justify;\"><span style=\"font-size: 16px; color: #666666;\"><br \/>\nComo final de la cadena de control, ofrecemos la presentaci\u00f3n de informaci\u00f3n al Operador a trav\u00e9s de diferentes plataformas de SCADA y paneles de operaci\u00f3n tales como Wonderware AVEVA(InTouch, Archestra System Platfrom), Allen Bradley (PanelView, Rsview, etc), Schneider (Magelis, etc), GE (Cimplicity, Ifix).<\/span><\/p>\n<p style=\"text-align: justify;\"><span style=\"font-size: 16px; color: #666666;\"><br \/>\nTambi\u00e9n ofrecemos nuestro servicio de informes y presentaci\u00f3n de datos en formato WEB de hist\u00f3ricos de proceso y datos de operaci\u00f3n.<\/span><\/p>\n<p>&nbsp;<\/p>\n<p style=\"text-align: justify;\"><span style=\"font-size: 16px; color: #666666;\">Actualmente podemos ofrecer a nuestros clientes el dise\u00f1o, desarrollo, modificaci\u00f3n e implementaci\u00f3n de la topolog\u00eda completa de cualquier sistema de control, desde el instrumento de medici\u00f3n hasta la presentaci\u00f3n en pantalla o en la WEB de la evoluci\u00f3n de cada variable del proceso junto con su algoritmo de control.<\/span><\/p>\n<p>&nbsp;<\/p>\n<p style=\"text-align: justify;\"><span style=\"font-size: 16px; color: #666666;\">Contamos con los algoritmos espec\u00edficos desarrollados y testeados durante a\u00f1os en procesos tales como: Turbinas de Gas y vapor, BOP, Plantas de tratamiento de agua, Transporte de Harinas, Acerias, Procesos Batch, Procesos secuenciales, Sistemas de Incendio, Sistemas simples de Bombas y v\u00e1lvulas, etc.<\/span><\/p>\n<p>&nbsp;<\/p>\n<p style=\"text-align: justify;\"><span style=\"font-size: 16px; color: #666666;\">Nuestro laboratorio de control esta equipado con todas las herramientas de software necesarias para la implementaci\u00f3n de dichos algoritmos en los sistemas integrados con los PLC y DCS antes descritos. Podemos hacer que cualquier algoritmos de proceso corra sobre la plataforma que elija el cliente.<br \/>\n<\/span><\/p>\n<p>&nbsp;<\/p>\n<\/div><\/div><\/div><div class=\"cz_gap clr  hide_on_mobile\" style=\"height: 40px\"><\/div><div class=\"cz_gap show_on_mobile clr\" style=\"height: 20px\"><\/div>[\/vc_column][vc_column width=\u00bb1\/3&#8243;]<div class=\"cz_gap clr  hide_on_mobile\" style=\"height: 120px\"><\/div><div class=\"cz_gap show_on_mobile clr\" style=\"height: 0px\"><\/div><div id=\"cz_92804\" data-position=\"top-right\" class=\"cz_92804 cz_image clr cz_image_no_fx center_on_mobile\"><div class=\"cz_svg_bg\" ><div class=\"cz_image_in\"><div class=\"cz_main_image\"><img decoding=\"async\" class=\"\" src=\"https:\/\/atmsrv01.synology.me\/wordpress\/wp-content\/uploads\/2025\/05\/3-1-500x677.jpg\" width=\"500\" height=\"677\" alt=\"\" title=\"\" loading=\"lazy\" \/><\/div><\/div><\/div><\/div><div class=\"cz_gap clr  hide_on_mobile\" style=\"height: 40px\"><\/div><div class=\"cz_gap show_on_mobile clr\" style=\"height: 50px\"><\/div>[\/vc_column][\/vc_row][vc_row full_width=\u00bbstretch_row\u00bb][vc_column width=\u00bb2\/3&#8243;]<div class=\"cz_gap clr  hide_on_mobile\" style=\"height: 40px\"><\/div><div class=\"cz_gap show_on_mobile clr\" style=\"height: 50px\"><\/div><div id=\"cz_85066\" class=\"cz_85066 cz_title clr cz_title_pos_inline\"><div class=\"cz_title_content\"><div class=\"cz_wpe_content\"><p style=\"text-align: justify;\"><span style=\"font-size: 16px; color: #666666;\"><span style=\"font-size: 19px;\"><strong>Sistemas de Exitaci\u00f3n<br \/>\n<\/strong><\/span><\/span><\/p>\n<p style=\"text-align: justify;\"><span style=\"font-size: 16px; color: #666666;\"><br \/>\nAdministraci\u00f3n general de los proyectos, estudio de dise\u00f1os, ingenier\u00edas de sistemas, aplicaciones, manufactura, ensamble, supervisi\u00f3n, puesta en servicio, arranque y entrenamiento y servicio post venta y t\u00e9cnico.<\/span><\/p>\n<p>&nbsp;<\/p>\n<p style=\"text-align: justify;\"><span style=\"font-size: 16px; color: #666666;\">Nuestro socio estrat\u00e9gico opera generadores desde un rango de pocos MW hasta arriba de los 600 MW. Nuestra habilidad consiste en la administraci\u00f3n de proyectos con equipos multidisciplinarios entrenados para coordinar en grandes contratos en todo el mundo.<br \/>\n<\/span><\/p>\n<p>&nbsp;<\/p>\n<p>&nbsp;<\/p>\n<\/div><\/div><\/div><div class=\"cz_gap clr  hide_on_mobile\" style=\"height: 40px\"><\/div><div class=\"cz_gap show_on_mobile clr\" style=\"height: 20px\"><\/div>[\/vc_column][vc_column width=\u00bb1\/3&#8243;]<div class=\"cz_gap clr  hide_on_mobile\" style=\"height: 40px\"><\/div><div class=\"cz_gap show_on_mobile clr\" style=\"height: 0px\"><\/div><div id=\"cz_29873\" data-position=\"top-right\" class=\"cz_29873 cz_image clr cz_image_no_fx center_on_mobile\"><div class=\"cz_svg_bg\" ><div class=\"cz_image_in\"><div class=\"cz_main_image\"><img decoding=\"async\" width=\"512\" height=\"497\" src=\"https:\/\/atmsrv01.synology.me\/wordpress\/wp-content\/uploads\/2025\/05\/6.jpg\" class=\"attachment-full\" alt=\"6\" title=\"\" srcset=\"https:\/\/atmsrv01.synology.me\/wordpress\/wp-content\/uploads\/2025\/05\/6.jpg 512w, https:\/\/atmsrv01.synology.me\/wordpress\/wp-content\/uploads\/2025\/05\/6-300x291.jpg 300w\" sizes=\"auto, (max-width: 512px) 100vw, 512px\" loading=\"lazy\" \/><\/div><\/div><\/div><\/div><div class=\"cz_gap clr  hide_on_mobile\" style=\"height: 40px\"><\/div><div class=\"cz_gap show_on_mobile clr\" style=\"height: 50px\"><\/div>[\/vc_column][\/vc_row][vc_row full_width=\u00bbstretch_row\u00bb css=\u00bb.vc_custom_1750865395338{background-color: #F4F4F4 !important;}\u00bb][vc_column]<div class=\"cz_gap clr  hide_on_mobile\" style=\"height: 40px\"><\/div><div class=\"cz_gap show_on_mobile clr\" style=\"height: 50px\"><\/div><div id=\"cz_102257\" class=\"cz_102257 cz_title clr cz_title_pos_inline\"><div class=\"cz_title_content\"><div class=\"cz_wpe_content\"><p style=\"text-align: justify;\"><span style=\"font-size: 16px; color: #666666;\"><span style=\"font-size: 19px;\"><strong>Nuestro enfoque<br \/>\n<\/strong><\/span><\/span><\/p>\n<p style=\"text-align: justify;\"><span style=\"font-size: 16px; color: #666666;\"><br \/>\nLa implementaci\u00f3n de sistemas de I&amp;C permite mejorar la calidad, la seguridad y la eficiencia de los procesos productivos. Somos especialistas en sistemas de control Mark IV, V, VI, TM1000, Sentinel, Mitsubishi, Netmation.<\/span><\/p>\n<\/div><\/div><\/div><div class=\"cz_gap clr  hide_on_mobile\" style=\"height: 40px\"><\/div><div class=\"cz_gap show_on_mobile clr\" style=\"height: 20px\"><\/div>[\/vc_column][\/vc_row]<\/p>\n<\/div>","protected":false},"excerpt":{"rendered":"<p>[vc_row &#8230; <\/p>\n","protected":false},"author":2,"featured_media":0,"parent":0,"menu_order":0,"comment_status":"closed","ping_status":"closed","template":"","meta":{"footnotes":""},"class_list":["post-1728","page","type-page","status-publish","hentry"],"_links":{"self":[{"href":"https:\/\/atmsrv01.synology.me\/wordpress\/wp-json\/wp\/v2\/pages\/1728","targetHints":{"allow":["GET"]}}],"collection":[{"href":"https:\/\/atmsrv01.synology.me\/wordpress\/wp-json\/wp\/v2\/pages"}],"about":[{"href":"https:\/\/atmsrv01.synology.me\/wordpress\/wp-json\/wp\/v2\/types\/page"}],"author":[{"embeddable":true,"href":"https:\/\/atmsrv01.synology.me\/wordpress\/wp-json\/wp\/v2\/users\/2"}],"replies":[{"embeddable":true,"href":"https:\/\/atmsrv01.synology.me\/wordpress\/wp-json\/wp\/v2\/comments?post=1728"}],"version-history":[{"count":27,"href":"https:\/\/atmsrv01.synology.me\/wordpress\/wp-json\/wp\/v2\/pages\/1728\/revisions"}],"predecessor-version":[{"id":2127,"href":"https:\/\/atmsrv01.synology.me\/wordpress\/wp-json\/wp\/v2\/pages\/1728\/revisions\/2127"}],"wp:attachment":[{"href":"https:\/\/atmsrv01.synology.me\/wordpress\/wp-json\/wp\/v2\/media?parent=1728"}],"curies":[{"name":"wp","href":"https:\/\/api.w.org\/{rel}","templated":true}]}}