{"id":1787,"date":"2025-05-14T15:25:10","date_gmt":"2025-05-14T15:25:10","guid":{"rendered":"https:\/\/atmsrv01.synology.me\/wordpress\/?page_id=1787"},"modified":"2025-06-25T15:15:05","modified_gmt":"2025-06-25T15:15:05","slug":"repuestos-y-servicios-especializados-para-cajas-reductoras","status":"publish","type":"page","link":"https:\/\/atmsrv01.synology.me\/wordpress\/repuestos-y-servicios-especializados-para-cajas-reductoras\/","title":{"rendered":"Repuestos y Servicios especializados para cajas reductoras"},"content":{"rendered":"<div class=\"wpb-content-wrapper\"><p>[vc_row equal_height=\u00bbyes\u00bb content_placement=\u00bbmiddle\u00bb][vc_column width=\u00bb1\/2&#8243;]<div class=\"cz_gap clr  hide_on_mobile\" style=\"height: 110px\"><\/div><div class=\"cz_gap show_on_mobile clr\" style=\"height: 10px\"><\/div><div id=\"cz_84300\" class=\"cz_84300 cz_title clr cz_title_pos_inline tac hide_on_tablet hide_on_mobile show_on_desktop\"><div class=\"cz_title_shape shape_image cz_shape_1\"><img decoding=\"async\" width=\"228\" height=\"400\" src=\"https:\/\/atmsrv01.synology.me\/wordpress\/wp-content\/uploads\/2025\/05\/HOJA.png\" class=\"attachment-full\" alt=\"HOJA\" srcset=\"https:\/\/atmsrv01.synology.me\/wordpress\/wp-content\/uploads\/2025\/05\/HOJA.png 228w, https:\/\/atmsrv01.synology.me\/wordpress\/wp-content\/uploads\/2025\/05\/HOJA-171x300.png 171w, https:\/\/atmsrv01.synology.me\/wordpress\/wp-content\/uploads\/2025\/05\/HOJA-7x12.png 7w\" sizes=\"auto, (max-width: 228px) 100vw, 228px\" loading=\"lazy\" \/><\/div><div class=\"cz_title_content\"><div class=\"cz_wpe_content\"><h2 style=\"text-align: center; text-transform: uppercase;\">Repuestos y Servicios<\/h2>\n<h2 style=\"text-align: center; text-transform: uppercase;\"><span style=\"color: #186735;\">especializados para cajas reductoras<\/span><\/h2>\n<\/div><\/div><\/div><div id=\"cz_101881\" class=\"cz_101881 cz_title clr cz_title_pos_inline tac\"><div class=\"cz_title_content\"><div class=\"cz_wpe_content\"><p style=\"text-align: center;\"><span style=\"font-size: 20px; color: #666666;\">Como Grupo contamos con una amplia experiencia en equipos reductores de potencia y auxiliares en todas sus fases.<\/span><\/p>\n<p>&nbsp;<\/p>\n<\/div><\/div><\/div><div class=\"cz_gap clr  hide_on_mobile\" style=\"height: 20px\"><\/div><div class=\"cz_gap show_on_mobile clr\" style=\"height: 50px\"><\/div>[\/vc_column][vc_column width=\u00bb1\/2&#8243;]<div class=\"cz_gap clr  hide_on_mobile\" style=\"height: 20px\"><\/div><div class=\"cz_gap show_on_mobile clr\" style=\"height: 50px\"><\/div><div id=\"cz_52779\" data-position=\"top-right\" class=\"cz_52779 cz_image clr cz_image_no_fx center_on_mobile\"><div class=\"cz_svg_bg\" ><div class=\"cz_image_in\"><div class=\"cz_main_image\"><img fetchpriority=\"high\" loading=\"eager\" decoding=\"sync\" data-no-lazy=\"1\" width=\"776\" height=\"414\" src=\"https:\/\/atmsrv01.synology.me\/wordpress\/wp-content\/uploads\/2025\/05\/cajas2.jpg\" class=\"attachment-full\" alt=\"Cajas2\" title=\"cajas2\" srcset=\"https:\/\/atmsrv01.synology.me\/wordpress\/wp-content\/uploads\/2025\/05\/cajas2.jpg 776w, https:\/\/atmsrv01.synology.me\/wordpress\/wp-content\/uploads\/2025\/05\/cajas2-300x160.jpg 300w, https:\/\/atmsrv01.synology.me\/wordpress\/wp-content\/uploads\/2025\/05\/cajas2-768x410.jpg 768w, https:\/\/atmsrv01.synology.me\/wordpress\/wp-content\/uploads\/2025\/05\/cajas2-600x320.jpg 600w\" sizes=\"(max-width: 776px) 100vw, 776px\"  \/><\/div><\/div><\/div><\/div>[\/vc_column][\/vc_row][vc_row][vc_column]<div class=\"cz_gap clr  hide_on_mobile\" style=\"height: 80px\"><\/div><div class=\"cz_gap show_on_mobile clr\" style=\"height: 50px\"><\/div>[\/vc_column][\/vc_row][vc_row full_width=\u00bbstretch_row\u00bb css=\u00bb.vc_custom_1747187823971{background-color: #F4F4F4 !important;}\u00bb][vc_column width=\u00bb1\/2&#8243;]<div class=\"cz_gap clr  hide_on_mobile\" style=\"height: 40px\"><\/div><div class=\"cz_gap show_on_mobile clr\" style=\"height: 50px\"><\/div><div id=\"cz_69060\" class=\"cz_69060 cz_title clr cz_title_pos_inline\"><div class=\"cz_title_content\"><div class=\"cz_wpe_content\"><p style=\"text-align: justify;\"><span style=\"font-size: 16px; color: #666666;\"><strong>Servicios<br \/>\n<\/strong>Grupo ATM, se ocupa de satisfacer con una gran pericia todos los frentes de acci\u00f3n que exige el tratamiento y valoraci\u00f3n operacional de cajas reductoras en sistema de transmisi\u00f3n mec\u00e1nica.  Estamos en la capacidad de instalar, poner en marcha y realizar an\u00e1lisis de fallas y mantenimiento de cajas reductoras.<\/span><\/p>\n<p>&nbsp;<\/p>\n<\/div><\/div><\/div><div class=\"cz_gap clr  hide_on_mobile\" style=\"height: 40px\"><\/div><div class=\"cz_gap show_on_mobile clr\" style=\"height: 50px\"><\/div><div id=\"cz_91008\" class=\"cz_91008 cz_title clr cz_title_pos_inline\"><div class=\"cz_title_content\"><div class=\"cz_wpe_content\"><p><span style=\"font-size: 16px; color: #666666;\"><strong>Tipos de trabajo que realizamos<\/strong><\/span><\/p>\n<p><span style=\"font-size: 16px; color: #666666;\">\u2022 Inspecci\u00f3n de cajas reductoras en sitio de clientes.<br \/>\n\u2022 Mantenimiento de cajas reductoras en sitio de clientes o en nuestros talleres.<br \/>\n\u2022 Asesor\u00eda para mantenimiento de cajas reductoras en sitio de clientes.<br \/>\n<\/span><\/p>\n<\/div><\/div><\/div><div class=\"cz_gap clr  hide_on_mobile\" style=\"height: 40px\"><\/div><div class=\"cz_gap show_on_mobile clr\" style=\"height: 50px\"><\/div><div id=\"cz_48715\" class=\"cz_48715 cz_title clr cz_title_pos_inline\"><div class=\"cz_title_content\"><div class=\"cz_wpe_content\"><p><span style=\"font-size: 16px; color: #666666;\"><strong>Nuestro Enfoque<\/strong><\/span><\/p>\n<p><span style=\"font-size: 16px; color: #666666;\">Somos agentes exclusivos de FLENDER para el cono sur, as\u00ed como proveedores de repuestos OEM y servicios para reductoras multimarca.<\/span><\/p>\n<\/div><\/div><\/div><div class=\"cz_gap clr  hide_on_mobile\" style=\"height: 40px\"><\/div><div class=\"cz_gap show_on_mobile clr\" style=\"height: 50px\"><\/div>[\/vc_column][vc_column width=\u00bb1\/2&#8243;]<div class=\"cz_gap clr  hide_on_mobile\" style=\"height: 80px\"><\/div><div class=\"cz_gap show_on_mobile clr\" style=\"height: 50px\"><\/div><div id=\"cz_79334\" class=\"cz_grid_p cz_79334\"><div class=\"cz_grid cz_grid_1 clr cz_grid_c2 cz_grid_1_no_title cz_grid_1_mid tac cz_grid_1_no_title\"><div class=\"cz_grid_item cz_grid_first\"><\/div><div class=\"cz_grid_item \"><div data-title=\"CR2\"><a class=\"cz_grid_link \" href=\"https:\/\/atmsrv01.synology.me\/wordpress\/wp-content\/uploads\/2025\/05\/CR2.jpg\" data-xtra-lightbox><img decoding=\"async\" class=\"\" src=\"https:\/\/atmsrv01.synology.me\/wordpress\/wp-content\/uploads\/2025\/05\/CR2-300x200.jpg\" width=\"300\" height=\"200\" alt=\"CR2\" title=\"CR2\" loading=\"lazy\" \/><div class=\"cz_grid_details\"><i class=\"fa fa-search cz_grid_icon\"><\/i><\/div><\/a><\/div><\/div><div class=\"cz_grid_item \"><div data-title=\"CR1\"><a class=\"cz_grid_link \" href=\"https:\/\/atmsrv01.synology.me\/wordpress\/wp-content\/uploads\/2025\/05\/CR1.jpg\" data-xtra-lightbox><img decoding=\"async\" class=\"\" src=\"https:\/\/atmsrv01.synology.me\/wordpress\/wp-content\/uploads\/2025\/05\/CR1-300x200.jpg\" width=\"300\" height=\"200\" alt=\"CR1\" title=\"CR1\" loading=\"lazy\" \/><div class=\"cz_grid_details\"><i class=\"fa fa-search cz_grid_icon\"><\/i><\/div><\/a><\/div><\/div><div class=\"cz_grid_item \"><div data-title=\"CR5\"><a class=\"cz_grid_link \" href=\"https:\/\/atmsrv01.synology.me\/wordpress\/wp-content\/uploads\/2025\/05\/CR5.jpg\" data-xtra-lightbox><img decoding=\"async\" class=\"\" src=\"https:\/\/atmsrv01.synology.me\/wordpress\/wp-content\/uploads\/2025\/05\/CR5-300x200.jpg\" width=\"300\" height=\"200\" alt=\"CR5\" title=\"CR5\" loading=\"lazy\" \/><div class=\"cz_grid_details\"><i class=\"fa fa-search cz_grid_icon\"><\/i><\/div><\/a><\/div><\/div><div class=\"cz_grid_item \"><div data-title=\"CR4\"><a class=\"cz_grid_link \" href=\"https:\/\/atmsrv01.synology.me\/wordpress\/wp-content\/uploads\/2025\/05\/CR4.jpg\" data-xtra-lightbox><img decoding=\"async\" class=\"\" src=\"https:\/\/atmsrv01.synology.me\/wordpress\/wp-content\/uploads\/2025\/05\/CR4-300x200.jpg\" width=\"300\" height=\"200\" alt=\"CR4\" title=\"CR4\" loading=\"lazy\" \/><div class=\"cz_grid_details\"><i class=\"fa fa-search cz_grid_icon\"><\/i><\/div><\/a><\/div><\/div><\/div><\/div>[\/vc_column][\/vc_row][vc_row][vc_column]<div class=\"cz_gap clr  hide_on_mobile\" style=\"height: 30px\"><\/div><div class=\"cz_gap show_on_mobile clr\" style=\"height: 50px\"><\/div><div class=\"cz_gap clr  hide_on_mobile\" style=\"height: 30px\"><\/div><div class=\"cz_gap show_on_mobile clr\" style=\"height: 50px\"><\/div>[\/vc_column][\/vc_row]<\/p>\n<\/div>","protected":false},"excerpt":{"rendered":"[vc_row equal_height=\"yes\" content_placement=\"middle\"][vc_column width=\"1\/2\"]Repuestos y Servicios especializados para cajas reductoras Como Grupo contamos con una amplia experiencia en equipos reductores","protected":false},"author":2,"featured_media":0,"parent":0,"menu_order":0,"comment_status":"closed","ping_status":"closed","template":"","meta":{"footnotes":""},"class_list":["post-1787","page","type-page","status-publish","hentry"],"_links":{"self":[{"href":"https:\/\/atmsrv01.synology.me\/wordpress\/wp-json\/wp\/v2\/pages\/1787","targetHints":{"allow":["GET"]}}],"collection":[{"href":"https:\/\/atmsrv01.synology.me\/wordpress\/wp-json\/wp\/v2\/pages"}],"about":[{"href":"https:\/\/atmsrv01.synology.me\/wordpress\/wp-json\/wp\/v2\/types\/page"}],"author":[{"embeddable":true,"href":"https:\/\/atmsrv01.synology.me\/wordpress\/wp-json\/wp\/v2\/users\/2"}],"replies":[{"embeddable":true,"href":"https:\/\/atmsrv01.synology.me\/wordpress\/wp-json\/wp\/v2\/comments?post=1787"}],"version-history":[{"count":16,"href":"https:\/\/atmsrv01.synology.me\/wordpress\/wp-json\/wp\/v2\/pages\/1787\/revisions"}],"predecessor-version":[{"id":2112,"href":"https:\/\/atmsrv01.synology.me\/wordpress\/wp-json\/wp\/v2\/pages\/1787\/revisions\/2112"}],"wp:attachment":[{"href":"https:\/\/atmsrv01.synology.me\/wordpress\/wp-json\/wp\/v2\/media?parent=1787"}],"curies":[{"name":"wp","href":"https:\/\/api.w.org\/{rel}","templated":true}]}}