{"id":1824,"date":"2025-05-14T17:15:56","date_gmt":"2025-05-14T17:15:56","guid":{"rendered":"https:\/\/atmsrv01.synology.me\/wordpress\/?page_id=1824"},"modified":"2025-06-25T15:20:36","modified_gmt":"2025-06-25T15:20:36","slug":"operacion-y-mantenimiento-de-centrales-de-generacion-de-energia","status":"publish","type":"page","link":"https:\/\/atmsrv01.synology.me\/wordpress\/operacion-y-mantenimiento-de-centrales-de-generacion-de-energia\/","title":{"rendered":"Operaci\u00f3n y Mantenimiento de centrales de generaci\u00f3n de energ\u00eda"},"content":{"rendered":"<div class=\"wpb-content-wrapper\"><p>[vc_row equal_height=\u00bbyes\u00bb content_placement=\u00bbmiddle\u00bb][vc_column width=\u00bb1\/2&#8243;]<div class=\"cz_gap clr  hide_on_mobile\" style=\"height: 110px\"><\/div><div class=\"cz_gap show_on_mobile clr\" style=\"height: 10px\"><\/div><div id=\"cz_63974\" class=\"cz_63974 cz_title clr cz_title_pos_inline tac hide_on_tablet hide_on_mobile show_on_desktop\"><div class=\"cz_title_shape shape_image cz_shape_1\"><img decoding=\"async\" width=\"228\" height=\"400\" src=\"https:\/\/atmsrv01.synology.me\/wordpress\/wp-content\/uploads\/2025\/05\/HOJA.png\" class=\"attachment-full\" alt=\"HOJA\" srcset=\"https:\/\/atmsrv01.synology.me\/wordpress\/wp-content\/uploads\/2025\/05\/HOJA.png 228w, https:\/\/atmsrv01.synology.me\/wordpress\/wp-content\/uploads\/2025\/05\/HOJA-171x300.png 171w, https:\/\/atmsrv01.synology.me\/wordpress\/wp-content\/uploads\/2025\/05\/HOJA-7x12.png 7w\" sizes=\"auto, (max-width: 228px) 100vw, 228px\" loading=\"lazy\" \/><\/div><div class=\"cz_title_content\"><div class=\"cz_wpe_content\"><h2 style=\"text-align: center; text-transform: uppercase;\">Operaci\u00f3n y Mantenimiento<\/h2>\n<h2 style=\"text-align: center; text-transform: uppercase;\"><span style=\"color: #186735;\">centrales de generaci\u00f3n de energ\u00eda<\/span><\/h2>\n<\/div><\/div><\/div><div id=\"cz_26342\" class=\"cz_26342 cz_title clr cz_title_pos_inline tac\"><div class=\"cz_title_content\"><div class=\"cz_wpe_content\"><p style=\"text-align: center;\"><span style=\"font-size: 20px; color: #666666;\">Construcci\u00f3n, operaci\u00f3n y mantenimiento de Centrales de generaci\u00f3n energ\u00e9tica modulares o convencionales en cualquier parte del mundo. (poner esto despu\u00e9s del t\u00edtulo en el recuadro)<\/span><\/p>\n<p>&nbsp;<\/p>\n<p>&nbsp;<\/p>\n<\/div><\/div><\/div><div class=\"cz_gap clr  hide_on_mobile\" style=\"height: 20px\"><\/div><div class=\"cz_gap show_on_mobile clr\" style=\"height: 50px\"><\/div>[\/vc_column][vc_column width=\u00bb1\/2&#8243;]<div class=\"cz_gap clr  hide_on_mobile\" style=\"height: 20px\"><\/div><div class=\"cz_gap show_on_mobile clr\" style=\"height: 50px\"><\/div><div id=\"cz_80205\" data-position=\"top-right\" class=\"cz_80205 cz_image clr cz_image_no_fx center_on_mobile\"><div class=\"cz_svg_bg\" ><div class=\"cz_image_in\"><div class=\"cz_main_image\"><img fetchpriority=\"high\" loading=\"eager\" decoding=\"sync\" data-no-lazy=\"1\" width=\"768\" height=\"412\" src=\"https:\/\/atmsrv01.synology.me\/wordpress\/wp-content\/uploads\/2025\/05\/operacion-1.jpg\" class=\"attachment-full\" alt=\"Operacion 1\" title=\"operacion-1\" srcset=\"https:\/\/atmsrv01.synology.me\/wordpress\/wp-content\/uploads\/2025\/05\/operacion-1.jpg 768w, https:\/\/atmsrv01.synology.me\/wordpress\/wp-content\/uploads\/2025\/05\/operacion-1-300x161.jpg 300w, https:\/\/atmsrv01.synology.me\/wordpress\/wp-content\/uploads\/2025\/05\/operacion-1-600x322.jpg 600w\" sizes=\"(max-width: 768px) 100vw, 768px\"  \/><\/div><\/div><\/div><\/div><div class=\"cz_gap clr  hide_on_mobile\" style=\"height: 20px\"><\/div><div class=\"cz_gap show_on_mobile clr\" style=\"height: 50px\"><\/div>[\/vc_column][\/vc_row][vc_row full_width=\u00bbstretch_row\u00bb equal_height=\u00bbyes\u00bb css=\u00bb.vc_custom_1747243762952{background-color: #F4F4F4 !important;}\u00bb][vc_column width=\u00bb1\/2&#8243;]<div class=\"cz_gap clr  hide_on_mobile\" style=\"height: 40px\"><\/div><div class=\"cz_gap show_on_mobile clr\" style=\"height: 50px\"><\/div><div id=\"cz_21028\" class=\"cz_21028 cz_title clr cz_title_pos_inline\"><div class=\"cz_title_content\"><div class=\"cz_wpe_content\"><p style=\"text-align: justify;\"><span style=\"font-size: 16px; color: #666666;\"><strong>Servicios<br \/>\n<\/strong>Grupo ATM a lo largo de estos a\u00f1os de trabajo se ha especializado en la operaci\u00f3n y mantenimiento de centrales de generaci\u00f3n de energ\u00eda como centrales t\u00e9rmicas convencionales, de ciclo combinado, nucleares, geot\u00e9rmicas y solares <\/span><\/p>\n<p>&nbsp;<\/p>\n<\/div><\/div><\/div><div class=\"cz_gap clr  hide_on_mobile\" style=\"height: 30px\"><\/div><div class=\"cz_gap show_on_mobile clr\" style=\"height: 50px\"><\/div><div id=\"cz_108181\" class=\"cz_108181 cz_title clr cz_title_pos_inline\"><div class=\"cz_title_content\"><div class=\"cz_wpe_content\"><p><span style=\"font-size: 16px; color: #666666;\"><strong>Tipos de trabajo que realizamos<\/strong><\/span><\/p>\n<p><span style=\"font-size: 16px; color: #666666;\">\u2022 Construcci\u00f3n y puesta en marcha de centrales.<br \/>\n\u2022 Gesti\u00f3n de operaciones.<br \/>\n\u2022 Explotaci\u00f3n de instalaciones in situ o a distancia<br \/>\n\u2022 Mantenimiento predictivo, correctivo y preventivo.<br \/>\n\u2022 Supervisi\u00f3n completa del funcionamiento y mantenimiento de la instalaci\u00f3n.<br \/>\n\u2022 Operaci\u00f3n y mantenimiento completo de la instalaci\u00f3n.<br \/>\n<\/span><\/p>\n<\/div><\/div><\/div>[\/vc_column][vc_column width=\u00bb1\/2&#8243; css=\u00bb.vc_custom_1747243727378{background-color: #F1F1F1 !important;}\u00bb]<div class=\"cz_gap clr  hide_on_mobile\" style=\"height: 40px\"><\/div><div class=\"cz_gap show_on_mobile clr\" style=\"height: 50px\"><\/div><div id=\"cz_29585\" class=\"cz_29585 cz_title clr cz_title_pos_inline\"><div class=\"cz_title_content\"><div class=\"cz_wpe_content\"><p><span style=\"font-size: 16px; color: #666666;\"><strong>Nuestro Objetivo<\/strong><\/span><\/p>\n<p><span style=\"font-size: 16px; color: #666666;\"><span style=\"font-size: 16px; color: #666666;\">Dependiendo el tipo de contrato Grupo ATM realiza un plan de acci\u00f3n a medida.<br \/>\nSi se trata de un proyecto de llave en mano, se arma el esquema de equipos que intervendr\u00e1n en cada uno de los procesos y se levanta un cronograma de trabajo.<br \/>\nEn el caso de proyectos de operaci\u00f3n y mantenimiento se realiza un plan que analice todos los posibles fallos y as\u00ed ser m\u00e1s eficientes y confiables<br \/>\n<\/span><\/span><\/p>\n<\/div><\/div><\/div><div class=\"cz_gap clr  hide_on_mobile\" style=\"height: 30px\"><\/div><div class=\"cz_gap show_on_mobile clr\" style=\"height: 50px\"><\/div>[vc_row_inner][vc_column_inner width=\u00bb1\/2&#8243;]<div id=\"cz_79819\" class=\"cz_79819 cz_title clr cz_title_pos_inline\"><div class=\"cz_title_content\"><div class=\"cz_wpe_content\"><p><span style=\"font-size: 16px; color: #666666;\"><strong>Tipos de M\u00e1quinas<\/strong><\/span><\/p>\n<p><span style=\"font-size: 16px; color: #666666;\">\u2022 Turbinas de gas<br \/>\n\u2022 Calderas<br \/>\n\u2022 Grupos electr\u00f3genos<br \/>\n\u2022 Motores de potencia<br \/>\n\u2022 Turbinas de vapor<br \/>\n\u2022 Paneles solares<br \/>\n<\/span><\/p>\n<p>&nbsp;<\/p>\n<\/div><\/div><\/div>[\/vc_column_inner][vc_column_inner width=\u00bb1\/2&#8243;]<div id=\"cz_95936\" class=\"cz_95936 cz_title clr cz_title_pos_inline\"><div class=\"cz_title_content\"><div class=\"cz_wpe_content\"><p><span style=\"font-size: 16px; color: #666666;\"><strong>Fuentes de energ\u00eda<\/strong><\/span><\/p>\n<p><span style=\"font-size: 16px; color: #666666;\">\u2022 Termosolar<br \/>\n\u2022 Energ\u00eda solar fotovoltaica<br \/>\n\u2022 Gas<br \/>\n\u2022 Diesel<br \/>\n\u2022 HFO<br \/>\n\u2022 Cogeneraci\u00f3n<br \/>\n\u2022 Carb\u00f3n<\/p>\n<p><\/span><\/p>\n<\/div><\/div><\/div><div class=\"cz_gap clr  hide_on_mobile\" style=\"height: 30px\"><\/div><div class=\"cz_gap show_on_mobile clr\" style=\"height: 50px\"><\/div>[\/vc_column_inner][\/vc_row_inner][\/vc_column][\/vc_row][vc_row][vc_column]<div class=\"cz_gap clr  hide_on_mobile\" style=\"height: 30px\"><\/div><div class=\"cz_gap show_on_mobile clr\" style=\"height: 50px\"><\/div><div id=\"cz5186\" class=\"cz5186 slick arrows_mlr no_dots\" data-slick='{\"selector\":\"\",\"slidesToShow\":4,\"slidesToScroll\":1,\"rows\":1,\"fade\":false,\"vertical\":false,\"verticalSwiping\":false,\"infinite\":true,\"speed\":1000,\"swipeToSlide\":true,\"centerMode\":false,\"centerPadding\":\"\",\"variableWidth\":false,\"autoplay\":false,\"autoplaySpeed\":4000,\"dots\":true,\"counts\":false,\"responsive\":[{\"breakpoint\":769,\"settings\":{\"slidesToShow\":2,\"slidesToScroll\":1,\"infinite\":true,\"touchMove\":true}},{\"breakpoint\":481,\"settings\":{\"slidesToShow\":1,\"slidesToScroll\":1,\"infinite\":true,\"touchMove\":true}}]}' data-slick-prev=\"fa fa-chevron-left\" data-slick-next=\"fa fa-chevron-right\"><div id=\"cz_63737\" class=\"cz_grid_p cz_63737\"><div class=\"cz_grid cz_grid_1 clr cz_grid_carousel cz_grid_1_no_title cz_grid_1_mid tac cz_grid_1_no_title\"><div class=\"cz_grid_item cz_grid_first\"><\/div><div class=\"cz_grid_item \"><div data-title=\"bty\"><a class=\"cz_grid_link \" href=\"https:\/\/atmsrv01.synology.me\/wordpress\/wp-content\/uploads\/2025\/05\/OM1.jpg\" data-xtra-lightbox><img decoding=\"async\" class=\"\" src=\"https:\/\/atmsrv01.synology.me\/wordpress\/wp-content\/uploads\/2025\/05\/OM1-300x200.jpg\" width=\"300\" height=\"200\" alt=\"bty\" title=\"bty\" loading=\"lazy\" \/><div class=\"cz_grid_details\"><i class=\"fa fa-search cz_grid_icon\"><\/i><\/div><\/a><\/div><\/div><div class=\"cz_grid_item \"><div data-title=\"bdr\"><a class=\"cz_grid_link \" href=\"https:\/\/atmsrv01.synology.me\/wordpress\/wp-content\/uploads\/2025\/05\/OM2.jpg\" data-xtra-lightbox><img decoding=\"async\" class=\"\" src=\"https:\/\/atmsrv01.synology.me\/wordpress\/wp-content\/uploads\/2025\/05\/OM2-300x200.jpg\" width=\"300\" height=\"200\" alt=\"bdr\" title=\"bdr\" loading=\"lazy\" \/><div class=\"cz_grid_details\"><i class=\"fa fa-search cz_grid_icon\"><\/i><\/div><\/a><\/div><\/div><div class=\"cz_grid_item \"><div data-title=\"OM3\"><a class=\"cz_grid_link \" href=\"https:\/\/atmsrv01.synology.me\/wordpress\/wp-content\/uploads\/2025\/05\/OM3.jpg\" data-xtra-lightbox><img decoding=\"async\" class=\"\" src=\"https:\/\/atmsrv01.synology.me\/wordpress\/wp-content\/uploads\/2025\/05\/OM3-300x200.jpg\" width=\"300\" height=\"200\" alt=\"OM3\" title=\"OM3\" loading=\"lazy\" \/><div class=\"cz_grid_details\"><i class=\"fa fa-search cz_grid_icon\"><\/i><\/div><\/a><\/div><\/div><div class=\"cz_grid_item \"><div data-title=\"OM4\"><a class=\"cz_grid_link \" href=\"https:\/\/atmsrv01.synology.me\/wordpress\/wp-content\/uploads\/2025\/05\/OM4.jpg\" data-xtra-lightbox><img decoding=\"async\" class=\"\" src=\"https:\/\/atmsrv01.synology.me\/wordpress\/wp-content\/uploads\/2025\/05\/OM4-300x200.jpg\" width=\"300\" height=\"200\" alt=\"OM4\" title=\"OM4\" loading=\"lazy\" \/><div class=\"cz_grid_details\"><i class=\"fa fa-search cz_grid_icon\"><\/i><\/div><\/a><\/div><\/div><div class=\"cz_grid_item \"><div data-title=\"OM5\"><a class=\"cz_grid_link \" href=\"https:\/\/atmsrv01.synology.me\/wordpress\/wp-content\/uploads\/2025\/05\/OM5.jpg\" data-xtra-lightbox><img decoding=\"async\" class=\"\" src=\"https:\/\/atmsrv01.synology.me\/wordpress\/wp-content\/uploads\/2025\/05\/OM5-300x200.jpg\" width=\"300\" height=\"200\" alt=\"OM5\" title=\"OM5\" loading=\"lazy\" \/><div class=\"cz_grid_details\"><i class=\"fa fa-search cz_grid_icon\"><\/i><\/div><\/a><\/div><\/div><\/div><\/div><\/div><div data-cz-style='#cz5186 .slick-list{margin: 0 -5px;clip-path:inset(0 calc(5px - 1px))}#cz5186 .slick-slide{margin: 0 5px}'><\/div><div class=\"cz_gap clr  hide_on_mobile\" style=\"height: 80px\"><\/div><div class=\"cz_gap show_on_mobile clr\" style=\"height: 50px\"><\/div>[\/vc_column][\/vc_row][vc_row full_width=\u00bbstretch_row\u00bb disable_element=\u00bbyes\u00bb css=\u00bb.vc_custom_1750864883064{background-image: url(https:\/\/atmsrv01.synology.me\/wordpress\/wp-content\/uploads\/2025\/05\/3.jpg?id=1590) !important;background-position: center !important;background-repeat: no-repeat !important;background-size: cover !important;}\u00bb][vc_column]<div class=\"cz_gap clr  hide_on_mobile\" style=\"height: 100px\"><\/div><div class=\"cz_gap show_on_mobile clr\" style=\"height: 100px\"><\/div><div id=\"cz_101801\" class=\"cz_101801 cz_title clr cz_mobile_text_center cz_title_pos_inline tac titulo-mobile-ajustado\"><div class=\"cz_title_shape shape_square cz_shape_1\"><\/div><div class=\"cz_title_content\"><div class=\"cz_wpe_content\"><p style=\"text-align: center;\"><span style=\"color: #666666; font-size: 22px;\"><span style=\"font-size: 28px; color: #ffffff;\">PROVEEMOS LO MEJOR<\/span><br \/>\n<\/span><\/p>\n<h2 style=\"text-align: center;\"><span style=\"color: #ffffff; font-size: 46px;\">EXPERIENCIAS Y CONTRATOS VIGENTES<\/span><\/h2>\n<\/div><\/div><\/div><div id=\"cz_104344\" class=\"cz_104344 cz_title clr cz_title_pos_inline tac\"><div class=\"cz_title_content\"><div class=\"cz_wpe_content\"><p style=\"text-align: center;\"><span style=\"font-size: 20px; color: #ffffff;\">Grupo ATM cuenta con experiencia y eficiencia para ofrecer todo tipo de servicio.<\/span><\/p>\n<p>&nbsp;<\/p>\n<\/div><\/div><\/div><div class=\"cz_gap clr  hide_on_mobile\" style=\"height: 50px\"><\/div><div class=\"cz_gap show_on_mobile clr\" style=\"height: 100px\"><\/div>[\/vc_column][\/vc_row][vc_row full_width=\u00bbstretch_row\u00bb disable_element=\u00bbyes\u00bb][vc_column]<div id=\"cz_92480\" class=\"cz_92480 cz_tabs clr cz_tabs_vl cz_tabs_is_v\"><div class=\"cz_tabs_content\"><a class=\"cz_tab_a hide\" data-tab=\"cz_99502\" href=\"#\"><span class=\"cz_tab_in_title\">Central el\u00e9ctrica PCE - FRANCIA<\/span><\/a><div id=\"cz_99502\" class=\"cz_tab\"><div><div id=\"cz_24869\" class=\"cz_24869 cz_title clr cz_title_pos_inline\"><div class=\"cz_title_content\"><div class=\"cz_wpe_content\"><p><span style=\"font-size: 16px; color: #666666;\"><span style=\"font-size: 16px; color: #666666;\">Esta central de vapor equipada con 4 unidades Alstom de 600 MW con calderas de HFO estaba situada en Francia<\/span><\/span><\/p>\n<p><span style=\"font-size: 16px; color: #666666;\"><span style=\"font-size: 16px; color: #666666;\"><strong>Tipo de instalaci\u00f3n: <\/strong>Caldera HFO<strong><br \/>\nCapacidad instalada: <\/strong>2400 MW<strong><br \/>\nTipo de m\u00e1quina: <\/strong>Caldera Alstom<strong><br \/>\nPersonal: <\/strong>1 personas<strong><br \/>\nDuraci\u00f3n del contrato: <\/strong>5 a\u00f1os<\/span><\/span><\/p>\n<p>&nbsp;<\/p>\n<\/div><\/div><\/div><\/div><\/div><a class=\"cz_tab_a hide\" data-tab=\"cz_96796\" href=\"#\"><span class=\"cz_tab_in_title\">Instituto Salud Publica - Santiago - CHILE<\/span><\/a><div id=\"cz_96796\" class=\"cz_tab\"><div><div id=\"cz_42363\" class=\"cz_42363 cz_title clr cz_title_pos_inline\"><div class=\"cz_title_content\"><div class=\"cz_wpe_content\"><p><span style=\"font-size: 16px; color: #666666;\"><span style=\"font-size: 16px; color: #666666;\">Operaci\u00f3n y mantenimiento de la central el\u00e9ctrica de emergencia del Instituto de Salud P\u00fablica.<br \/>\nEsta instalaci\u00f3n consta de dos grupos electr\u00f3genos de 1 MVA cada uno.<\/span><\/span><\/p>\n<p><span style=\"font-size: 16px; color: #666666;\"><span style=\"font-size: 16px; color: #666666;\"><strong>Tipo de instalaci\u00f3n: <\/strong>Turbina de gas de alta potencia<strong><br \/>\nCapacidad instalada: <\/strong>2 MW<strong><br \/>\nTipo de m\u00e1quina: <\/strong>Detroit + Cummins<strong><br \/>\nPersonal: <\/strong>2 personas<strong><br \/>\nDuraci\u00f3n del contrato: <\/strong>2,5 a\u00f1os<\/span><\/span><\/p>\n<p>&nbsp;<\/p>\n<\/div><\/div><\/div><\/div><\/div><a class=\"cz_tab_a hide\" data-tab=\"cz_106649\" href=\"#\"><span class=\"cz_tab_in_title\">Central el\u00e9ctrica de Balingu\u00e9 - Bamako - MALI<\/span><\/a><div id=\"cz_106649\" class=\"cz_tab\"><div><div id=\"cz_54295\" class=\"cz_54295 cz_title clr cz_title_pos_inline\"><div class=\"cz_title_content\"><div class=\"cz_wpe_content\"><p><span style=\"font-size: 16px; color: #666666;\"><span style=\"font-size: 16px; color: #666666;\">En colaboraci\u00f3n con ACEPP y EDM (propietario), llevamos a cabo la puesta en marcha y el mantenimiento de esta central el\u00e9ctrica equipada con 4 motores W\u00e4rtsil\u00e4 18V38B de 10 MW cada uno<\/span><\/span><\/p>\n<p><span style=\"font-size: 16px; color: #666666;\"><span style=\"font-size: 16px; color: #666666;\"><strong>Tipo de instalaci\u00f3n: <\/strong>Turbina de gas de alta potencia<strong><br \/>\nCapacidad instalada:<\/strong> 40 MW<strong><br \/>\nTipo de m\u00e1quina: <\/strong>Motores W\u00e4rtsil\u00e4 18V38B<strong><br \/>\nPersonal: <\/strong>30 personas<strong><br \/>\nDuraci\u00f3n del contrato:<\/strong> 3 a\u00f1os<\/span><\/span><\/p>\n<p>&nbsp;<\/p>\n<\/div><\/div><\/div><\/div><\/div><a class=\"cz_tab_a hide\" data-tab=\"cz_43673\" href=\"#\"><span class=\"cz_tab_in_title\">Central el\u00e9ctrica LMX - FRANCIA<\/span><\/a><div id=\"cz_43673\" class=\"cz_tab\"><div><div id=\"cz_63076\" class=\"cz_63076 cz_title clr cz_title_pos_inline\"><div class=\"cz_title_content\"><div class=\"cz_wpe_content\"><p><span style=\"font-size: 16px; color: #666666;\"><span style=\"font-size: 16px; color: #666666;\">Esta central de vapor equipada con dos unidades Alstom de 250 MW con calderas de carb\u00f3n pulverizado estaba situada en Francia<\/span><\/span><\/p>\n<p><span style=\"font-size: 16px; color: #666666;\"><span style=\"font-size: 16px; color: #666666;\"><strong>Tipo de instalaci\u00f3n: <\/strong>Caldera<strong><br \/>\nCapacidad instalada: <\/strong>500 MW<strong><br \/>\nTipo de m\u00e1quina: <\/strong>Caldera Alstom<strong><br \/>\nPersonal: <\/strong>1 personas<strong><br \/>\nDuraci\u00f3n del contrato:<\/strong> 5 a\u00f1os<\/span><\/span><\/p>\n<p>&nbsp;<\/p>\n<\/div><\/div><\/div><\/div><\/div><a class=\"cz_tab_a hide\" data-tab=\"cz_33306\" href=\"#\"><span class=\"cz_tab_in_title\">NOOR1 - Antananarivo - MADAGASCAR<\/span><\/a><div id=\"cz_33306\" class=\"cz_tab\"><div><div id=\"cz_43255\" class=\"cz_43255 cz_title clr cz_title_pos_inline\"><div class=\"cz_title_content\"><div class=\"cz_wpe_content\"><p><span style=\"font-size: 16px; color: #666666;\"><span style=\"font-size: 16px; color: #666666;\">Operaci\u00f3n y mantenimiento completos de la central el\u00e9ctrica NOOR en Madagascar, que consta de dos Alstom FR5 TG operados con HFO. 50 MW en total. Esta instalaci\u00f3n altamente estrat\u00e9gica representa una parte importante de la energ\u00eda producida en Antananarivo.<\/span><\/span><\/p>\n<p><span style=\"font-size: 16px; color: #666666;\"><span style=\"font-size: 16px; color: #666666;\"><strong>Tipo de instalaci\u00f3n<\/strong>: Turbina de gas de alta potencia<br \/>\n<strong>Capacidad instalada<\/strong>: 40 MW<br \/>\n<strong>Tipo de m\u00e1quina<\/strong>: Alstom Frame5<br \/>\n<strong>Personal:<\/strong> 45 personas<br \/>\n<strong>Duraci\u00f3n del contrato:<\/strong> 5 a\u00f1os<\/span><\/span><\/p>\n<\/div><\/div><\/div><\/div><\/div><\/div><\/div>[\/vc_column][\/vc_row][vc_row full_width=\u00bbstretch_row\u00bb disable_element=\u00bbyes\u00bb css=\u00bb.vc_custom_1750864920681{background-image: url(https:\/\/atmsrv01.synology.me\/wordpress\/wp-content\/uploads\/2025\/05\/bg1.jpg?id=1595) !important;background-position: center !important;background-repeat: no-repeat !important;background-size: cover !important;}\u00bb][vc_column]<div class=\"cz_gap clr  hide_on_mobile\" style=\"height: 100px\"><\/div><div class=\"cz_gap show_on_mobile clr\" style=\"height: 100px\"><\/div><div id=\"cz_66319\" class=\"cz_66319 cz_title clr cz_title_pos_inline tac\"><div class=\"cz_title_content\"><div class=\"cz_wpe_content\"><p style=\"text-align: center;\"><span style=\"font-size: 20px; color: #ffffff;\">Andina Turbomec\u00e1nica esta en condiciones de hacerse cargo de la O&amp;M de cualquier central de generaci\u00f3n de energ\u00eda de tecnolog\u00eda convencional en cualquier lugar del planeta<br \/>\n<\/span><\/p>\n<p>&nbsp;<\/p>\n<\/div><\/div><\/div><div class=\"cz_gap clr  hide_on_mobile\" style=\"height: 50px\"><\/div><div class=\"cz_gap show_on_mobile clr\" style=\"height: 100px\"><\/div>[\/vc_column][\/vc_row]<\/p>\n<\/div>","protected":false},"excerpt":{"rendered":"<p>[vc_row full_width=\u00bbstretch_row\u00bb disable_element=\u00bbyes\u00bb css=\u00bb.vc_custom_1750864883064{background-image: &#8230; <\/p>\n","protected":false},"author":2,"featured_media":0,"parent":0,"menu_order":0,"comment_status":"closed","ping_status":"closed","template":"","meta":{"footnotes":""},"class_list":["post-1824","page","type-page","status-publish","hentry"],"_links":{"self":[{"href":"https:\/\/atmsrv01.synology.me\/wordpress\/wp-json\/wp\/v2\/pages\/1824","targetHints":{"allow":["GET"]}}],"collection":[{"href":"https:\/\/atmsrv01.synology.me\/wordpress\/wp-json\/wp\/v2\/pages"}],"about":[{"href":"https:\/\/atmsrv01.synology.me\/wordpress\/wp-json\/wp\/v2\/types\/page"}],"author":[{"embeddable":true,"href":"https:\/\/atmsrv01.synology.me\/wordpress\/wp-json\/wp\/v2\/users\/2"}],"replies":[{"embeddable":true,"href":"https:\/\/atmsrv01.synology.me\/wordpress\/wp-json\/wp\/v2\/comments?post=1824"}],"version-history":[{"count":38,"href":"https:\/\/atmsrv01.synology.me\/wordpress\/wp-json\/wp\/v2\/pages\/1824\/revisions"}],"predecessor-version":[{"id":2118,"href":"https:\/\/atmsrv01.synology.me\/wordpress\/wp-json\/wp\/v2\/pages\/1824\/revisions\/2118"}],"wp:attachment":[{"href":"https:\/\/atmsrv01.synology.me\/wordpress\/wp-json\/wp\/v2\/media?parent=1824"}],"curies":[{"name":"wp","href":"https:\/\/api.w.org\/{rel}","templated":true}]}}