{"id":2168,"date":"2025-09-29T15:52:41","date_gmt":"2025-09-29T15:52:41","guid":{"rendered":"https:\/\/atmsrv01.synology.me\/wordpress\/?page_id=2168"},"modified":"2025-09-30T15:46:05","modified_gmt":"2025-09-30T15:46:05","slug":"servicio-de-limpieza-de-alta-tecnologia-criogenica","status":"publish","type":"page","link":"https:\/\/atmsrv01.synology.me\/wordpress\/servicio-de-limpieza-de-alta-tecnologia-criogenica\/","title":{"rendered":"Servicio de Limpieza de alta tecnolog\u00eda\/Limpieza Criog\u00e9nica"},"content":{"rendered":"<div class=\"wpb-content-wrapper\"><p>[vc_row equal_height=\u00bbyes\u00bb content_placement=\u00bbmiddle\u00bb][vc_column width=\u00bb1\/2&#8243;]<div class=\"cz_gap clr  hide_on_mobile\" style=\"height: 110px\"><\/div><div class=\"cz_gap show_on_mobile clr\" style=\"height: 10px\"><\/div><div id=\"cz_106494\" class=\"cz_106494 cz_title clr cz_title_pos_inline tac hide_on_tablet hide_on_mobile show_on_desktop\"><div class=\"cz_title_shape shape_image cz_shape_1\"><img decoding=\"async\" width=\"228\" height=\"400\" src=\"https:\/\/atmsrv01.synology.me\/wordpress\/wp-content\/uploads\/2025\/05\/HOJA.png\" class=\"attachment-full\" alt=\"HOJA\" srcset=\"https:\/\/atmsrv01.synology.me\/wordpress\/wp-content\/uploads\/2025\/05\/HOJA.png 228w, https:\/\/atmsrv01.synology.me\/wordpress\/wp-content\/uploads\/2025\/05\/HOJA-171x300.png 171w, https:\/\/atmsrv01.synology.me\/wordpress\/wp-content\/uploads\/2025\/05\/HOJA-7x12.png 7w\" sizes=\"auto, (max-width: 228px) 100vw, 228px\" loading=\"lazy\" \/><\/div><div class=\"cz_title_content\"><div class=\"cz_wpe_content\"><h2 style=\"text-align: center; text-transform: uppercase;\">Servicio de limpieza alta tecnologia<\/h2>\n<\/div><\/div><\/div><div id=\"cz_63947\" class=\"cz_63947 cz_title clr cz_title_pos_inline tac\"><div class=\"cz_title_content\"><div class=\"cz_wpe_content\"><p style=\"text-align: center;\"><span style=\"font-size: 20px; color: #666666;\">Grupo ATM incorpora servicio de limpieza criog\u00e9nica y limpieza laser de alta precisi\u00f3n.<br \/>\n<\/span><\/p>\n<\/div><\/div><\/div><div class=\"cz_gap clr  hide_on_mobile\" style=\"height: 20px\"><\/div><div class=\"cz_gap show_on_mobile clr\" style=\"height: 50px\"><\/div>[\/vc_column][vc_column width=\u00bb1\/2&#8243;]<div class=\"cz_gap clr  hide_on_mobile\" style=\"height: 20px\"><\/div><div class=\"cz_gap show_on_mobile clr\" style=\"height: 50px\"><\/div><div id=\"cz_30233\" data-position=\"top-right\" class=\"cz_30233 cz_image clr cz_image_no_fx center_on_mobile\"><div class=\"cz_svg_bg\" ><div class=\"cz_image_in\"><div class=\"cz_main_image\"><img fetchpriority=\"high\" loading=\"eager\" decoding=\"sync\" data-no-lazy=\"1\" width=\"453\" height=\"334\" src=\"https:\/\/atmsrv01.synology.me\/wordpress\/wp-content\/uploads\/2025\/09\/Limpieza-Criogenica-y.jpg\" class=\"attachment-full\" alt=\"Limpieza Criogenica y Laser 001\" srcset=\"https:\/\/atmsrv01.synology.me\/wordpress\/wp-content\/uploads\/2025\/09\/Limpieza-Criogenica-y.jpg 453w, https:\/\/atmsrv01.synology.me\/wordpress\/wp-content\/uploads\/2025\/09\/Limpieza-Criogenica-y-300x221.jpg 300w\" sizes=\"(max-width: 453px) 100vw, 453px\"  \/><\/div><\/div><\/div><\/div>[\/vc_column][\/vc_row][vc_row][vc_column]<div class=\"cz_gap clr  hide_on_mobile\" style=\"height: 30px\"><\/div><div class=\"cz_gap show_on_mobile clr\" style=\"height: 50px\"><\/div><div id=\"cz2156\" class=\"cz2156 slick arrows_mlr no_dots\" data-slick='{\"selector\":\"\",\"slidesToShow\":4,\"slidesToScroll\":1,\"rows\":1,\"fade\":false,\"vertical\":false,\"verticalSwiping\":false,\"infinite\":true,\"speed\":1000,\"swipeToSlide\":true,\"centerMode\":false,\"centerPadding\":\"\",\"variableWidth\":false,\"autoplay\":false,\"autoplaySpeed\":4000,\"dots\":true,\"counts\":false,\"responsive\":[{\"breakpoint\":769,\"settings\":{\"slidesToShow\":2,\"slidesToScroll\":1,\"infinite\":true,\"touchMove\":true}},{\"breakpoint\":481,\"settings\":{\"slidesToShow\":1,\"slidesToScroll\":1,\"infinite\":true,\"touchMove\":true}}]}' data-slick-prev=\"fa fa-chevron-left\" data-slick-next=\"fa fa-chevron-right\"><div id=\"cz_88418\" class=\"cz_grid_p cz_88418\"><div class=\"cz_grid cz_grid_1 clr cz_grid_carousel cz_grid_1_no_title cz_grid_1_mid tac\"><div class=\"cz_grid_item cz_grid_first\"><\/div><div class=\"cz_grid_item \"><div data-title=\"Folleto Limpieza Criogenica y Laser 004\"><a class=\"cz_grid_link \" href=\"https:\/\/atmsrv01.synology.me\/wordpress\/wp-content\/uploads\/2025\/09\/Folleto-Limpieza-Criogenica-y-Laser-004.jpg\" data-xtra-lightbox><img decoding=\"async\" class=\"\" src=\"https:\/\/atmsrv01.synology.me\/wordpress\/wp-content\/uploads\/2025\/09\/Folleto-Limpieza-Criogenica-y-Laser-004-300x200.jpg\" width=\"300\" height=\"200\" alt=\"Folleto Limpieza Criogenica y Laser 004\" title=\"Folleto Limpieza Criogenica y Laser 004\" loading=\"lazy\" \/><div class=\"cz_grid_details\"><i class=\"fa fa-search cz_grid_icon\"><\/i><\/div><\/a><\/div><\/div><div class=\"cz_grid_item \"><div data-title=\"Folleto Limpieza Criogenica y Laser 005\"><a class=\"cz_grid_link \" href=\"https:\/\/atmsrv01.synology.me\/wordpress\/wp-content\/uploads\/2025\/09\/Folleto-Limpieza-Criogenica-y-Laser-005.jpg\" data-xtra-lightbox><img decoding=\"async\" class=\"\" src=\"https:\/\/atmsrv01.synology.me\/wordpress\/wp-content\/uploads\/2025\/09\/Folleto-Limpieza-Criogenica-y-Laser-005-300x200.jpg\" width=\"300\" height=\"200\" alt=\"Folleto Limpieza Criogenica y Laser 005\" title=\"Folleto Limpieza Criogenica y Laser 005\" loading=\"lazy\" \/><div class=\"cz_grid_details\"><i class=\"fa fa-search cz_grid_icon\"><\/i><\/div><\/a><\/div><\/div><div class=\"cz_grid_item \"><div data-title=\"Folleto Limpieza Criogenica y Laser 006\"><a class=\"cz_grid_link \" href=\"https:\/\/atmsrv01.synology.me\/wordpress\/wp-content\/uploads\/2025\/09\/Folleto-Limpieza-Criogenica-y-Laser-006.jpg\" data-xtra-lightbox><img decoding=\"async\" class=\"\" src=\"https:\/\/atmsrv01.synology.me\/wordpress\/wp-content\/uploads\/2025\/09\/Folleto-Limpieza-Criogenica-y-Laser-006-300x200.jpg\" width=\"300\" height=\"200\" alt=\"Folleto Limpieza Criogenica y Laser 006\" title=\"Folleto Limpieza Criogenica y Laser 006\" loading=\"lazy\" \/><div class=\"cz_grid_details\"><i class=\"fa fa-search cz_grid_icon\"><\/i><\/div><\/a><\/div><\/div><div class=\"cz_grid_item \"><div data-title=\"Folleto Limpieza Criogenica y Laser 007\"><a class=\"cz_grid_link \" href=\"https:\/\/atmsrv01.synology.me\/wordpress\/wp-content\/uploads\/2025\/09\/Folleto-Limpieza-Criogenica-y-Laser-007.jpg\" data-xtra-lightbox><img decoding=\"async\" class=\"\" src=\"https:\/\/atmsrv01.synology.me\/wordpress\/wp-content\/uploads\/2025\/09\/Folleto-Limpieza-Criogenica-y-Laser-007-300x200.jpg\" width=\"300\" height=\"200\" alt=\"Folleto Limpieza Criogenica y Laser 007\" title=\"Folleto Limpieza Criogenica y Laser 007\" loading=\"lazy\" \/><div class=\"cz_grid_details\"><i class=\"fa fa-search cz_grid_icon\"><\/i><\/div><\/a><\/div><\/div><div class=\"cz_grid_item \"><div data-title=\"Folleto Limpieza Criogenica y Laser 008\"><a class=\"cz_grid_link \" href=\"https:\/\/atmsrv01.synology.me\/wordpress\/wp-content\/uploads\/2025\/09\/Folleto-Limpieza-Criogenica-y-Laser-008.jpg\" data-xtra-lightbox><img decoding=\"async\" class=\"\" src=\"https:\/\/atmsrv01.synology.me\/wordpress\/wp-content\/uploads\/2025\/09\/Folleto-Limpieza-Criogenica-y-Laser-008-300x200.jpg\" width=\"300\" height=\"200\" alt=\"Folleto Limpieza Criogenica y Laser 008\" title=\"Folleto Limpieza Criogenica y Laser 008\" loading=\"lazy\" \/><div class=\"cz_grid_details\"><i class=\"fa fa-search cz_grid_icon\"><\/i><\/div><\/a><\/div><\/div><div class=\"cz_grid_item \"><div data-title=\"Folleto Limpieza Criogenica y Laser 009\"><a class=\"cz_grid_link \" href=\"https:\/\/atmsrv01.synology.me\/wordpress\/wp-content\/uploads\/2025\/09\/Folleto-Limpieza-Criogenica-y-Laser-009.jpg\" data-xtra-lightbox><img decoding=\"async\" class=\"\" src=\"https:\/\/atmsrv01.synology.me\/wordpress\/wp-content\/uploads\/2025\/09\/Folleto-Limpieza-Criogenica-y-Laser-009-300x200.jpg\" width=\"300\" height=\"200\" alt=\"Folleto Limpieza Criogenica y Laser 009\" title=\"Folleto Limpieza Criogenica y Laser 009\" loading=\"lazy\" \/><div class=\"cz_grid_details\"><i class=\"fa fa-search cz_grid_icon\"><\/i><\/div><\/a><\/div><\/div><div class=\"cz_grid_item \"><div data-title=\"Folleto Limpieza Criogenica y Laser 010\"><a class=\"cz_grid_link \" href=\"https:\/\/atmsrv01.synology.me\/wordpress\/wp-content\/uploads\/2025\/09\/Folleto-Limpieza-Criogenica-y-Laser-010.jpg\" data-xtra-lightbox><img decoding=\"async\" class=\"\" src=\"https:\/\/atmsrv01.synology.me\/wordpress\/wp-content\/uploads\/2025\/09\/Folleto-Limpieza-Criogenica-y-Laser-010-300x200.jpg\" width=\"300\" height=\"200\" alt=\"Folleto Limpieza Criogenica y Laser 010\" title=\"Folleto Limpieza Criogenica y Laser 010\" loading=\"lazy\" \/><div class=\"cz_grid_details\"><i class=\"fa fa-search cz_grid_icon\"><\/i><\/div><\/a><\/div><\/div><div class=\"cz_grid_item \"><div data-title=\"Folleto Limpieza Criogenica y Laser 011\"><a class=\"cz_grid_link \" href=\"https:\/\/atmsrv01.synology.me\/wordpress\/wp-content\/uploads\/2025\/09\/Folleto-Limpieza-Criogenica-y-Laser-011.jpg\" data-xtra-lightbox><img decoding=\"async\" class=\"\" src=\"https:\/\/atmsrv01.synology.me\/wordpress\/wp-content\/uploads\/2025\/09\/Folleto-Limpieza-Criogenica-y-Laser-011-300x200.jpg\" width=\"300\" height=\"200\" alt=\"Folleto Limpieza Criogenica y Laser 011\" title=\"Folleto Limpieza Criogenica y Laser 011\" loading=\"lazy\" \/><div class=\"cz_grid_details\"><i class=\"fa fa-search cz_grid_icon\"><\/i><\/div><\/a><\/div><\/div><div class=\"cz_grid_item \"><div data-title=\"Limpieza Criogenica y Laser 001\"><a class=\"cz_grid_link \" href=\"https:\/\/atmsrv01.synology.me\/wordpress\/wp-content\/uploads\/2025\/09\/Limpieza-Criogenica-y-Laser-001.jpg\" data-xtra-lightbox><img decoding=\"async\" class=\"\" src=\"https:\/\/atmsrv01.synology.me\/wordpress\/wp-content\/uploads\/2025\/09\/Limpieza-Criogenica-y-Laser-001-300x200.jpg\" width=\"300\" height=\"200\" alt=\"Limpieza Criogenica y Laser 001\" title=\"Limpieza Criogenica y Laser 001\" loading=\"lazy\" \/><div class=\"cz_grid_details\"><i class=\"fa fa-search cz_grid_icon\"><\/i><\/div><\/a><\/div><\/div><div class=\"cz_grid_item \"><div data-title=\"Limpieza Criogenica y Laser 002\"><a class=\"cz_grid_link \" href=\"https:\/\/atmsrv01.synology.me\/wordpress\/wp-content\/uploads\/2025\/09\/Limpieza-Criogenica-y-Laser-002.jpg\" data-xtra-lightbox><img decoding=\"async\" class=\"\" src=\"https:\/\/atmsrv01.synology.me\/wordpress\/wp-content\/uploads\/2025\/09\/Limpieza-Criogenica-y-Laser-002-300x200.jpg\" width=\"300\" height=\"200\" alt=\"Limpieza Criogenica y Laser 002\" title=\"Limpieza Criogenica y Laser 002\" loading=\"lazy\" \/><div class=\"cz_grid_details\"><i class=\"fa fa-search cz_grid_icon\"><\/i><\/div><\/a><\/div><\/div><div class=\"cz_grid_item \"><div data-title=\"Limpieza Criogenica y Laser 003\"><a class=\"cz_grid_link \" href=\"https:\/\/atmsrv01.synology.me\/wordpress\/wp-content\/uploads\/2025\/09\/Limpieza-Criogenica-y-Laser-003.jpg\" data-xtra-lightbox><img decoding=\"async\" class=\"\" src=\"https:\/\/atmsrv01.synology.me\/wordpress\/wp-content\/uploads\/2025\/09\/Limpieza-Criogenica-y-Laser-003-300x200.jpg\" width=\"300\" height=\"200\" alt=\"Limpieza Criogenica y Laser 003\" title=\"Limpieza Criogenica y Laser 003\" loading=\"lazy\" \/><div class=\"cz_grid_details\"><i class=\"fa fa-search cz_grid_icon\"><\/i><\/div><\/a><\/div><\/div><\/div><\/div><\/div><div data-cz-style='#cz2156 .slick-list{margin: 0 -5px;clip-path:inset(0 calc(5px - 1px))}#cz2156 .slick-slide{margin: 0 5px}'><\/div><div class=\"cz_gap clr  hide_on_mobile\" style=\"height: 80px\"><\/div><div class=\"cz_gap show_on_mobile clr\" style=\"height: 50px\"><\/div>[\/vc_column][\/vc_row][vc_row full_width=\u00bbstretch_row\u00bb css=\u00bb.vc_custom_1747187823971{background-color: #F4F4F4 !important;}\u00bb][vc_column width=\u00bb1\/2&#8243;]<div class=\"cz_gap clr  hide_on_mobile\" style=\"height: 40px\"><\/div><div class=\"cz_gap show_on_mobile clr\" style=\"height: 50px\"><\/div><div id=\"cz_75434\" class=\"cz_75434 cz_title clr cz_title_pos_inline\"><div class=\"cz_title_content\"><div class=\"cz_wpe_content\"><p style=\"text-align: justify;\"><span style=\"font-size: 16px; color: #666666;\"><strong>Servicios<br \/>\n<\/strong>Andina Turbomec\u00e1nica ha dise\u00f1ado y construido un m\u00f3dulo m\u00f3vil aut\u00f3nomo, de dise\u00f1o industrial y alta tecnolog\u00eda, que permite ofrecer dos soluciones complementarias de limpieza: limpieza criog\u00e9nica, con producci\u00f3n in situ de pellets de CO\u2082 (hielo seco), y limpieza l\u00e1ser de alta precisi\u00f3n. Esta configuraci\u00f3n polivalente mejora sustancialmente la eficiencia operativa, reduce los tiempos de ejecuci\u00f3n, aumenta la disponibilidad del servicio en zonas de dif\u00edcil acceso. Ambas t\u00e9cnicas son no abrasivas, libres de qu\u00edmicos y sin generaci\u00f3n de residuos secundarios, lo que las convierte en unas alternativas econ\u00f3micas, muy r\u00e1pidas, eficientes, seguras y alineadas con las normas ambientales vigentes. Nuestras tecnolog\u00edas est\u00e1n especialmente indicadas para generaci\u00f3n el\u00e9ctrica, petr\u00f3leo y gas, miner\u00eda, alimenticio, automotriz y mantenimiento industrial general, donde se requiere limpieza t\u00e9cnica de alto rendimiento sin comprometer la integridad de los equipos ni la seguridad del entorno.<\/span><\/p>\n<p>&nbsp;<\/p>\n<p><span style=\"font-size: 16px; color: #666666;\"><strong>Limpieza Criog\u00e9nica<\/strong><\/span><\/p>\n<p><span style=\"font-size: 16px; color: #666666;\">Es una t\u00e9cnica de limpieza avanzada que utiliza pellets de di\u00f3xido de carbono (CO\u2082) s\u00f3lido, tambi\u00e9n conocido como hielo seco, proyectados a alta velocidad. Esta tecnolog\u00eda permite eliminar contaminantes sin da\u00f1ar la superficie, sin residuos secundarios, y sin el uso de productos qu\u00edmicos agresivos.<\/span><\/p>\n<p style=\"padding-left: 40px;\"><span style=\"font-size: 16px; color: #666666;\"><strong>Beneficios<\/strong><\/span><\/p>\n<ul>\n<li style=\"list-style-type: none;\">\n<ul>\n<li><span style=\"font-size: 16px; color: #666666;\">No abrasiva y no conductiva<\/span><\/li>\n<li><span style=\"font-size: 16px; color: #666666;\">Ecol\u00f3gica y sin generaci\u00f3n de residuos secundarios<\/span><\/li>\n<li><span style=\"font-size: 16px; color: #666666;\">Reduce tiempos de parada y mantenimiento<\/span><\/li>\n<li><span style=\"font-size: 16px; color: #666666;\">Aumenta la vida \u00fatil de los equipos<\/span><\/li>\n<li><span style=\"font-size: 16px; color: #666666;\">Compatible con \u00e1reas de dif\u00edcil acceso<\/span><\/li>\n<\/ul>\n<\/li>\n<\/ul>\n<p style=\"padding-left: 40px;\"><span style=\"font-size: 16px; color: #666666;\"><strong>Aplicaciones comunes<\/strong><\/span><\/p>\n<ul>\n<li style=\"list-style-type: none;\">\n<ul>\n<li><span style=\"font-size: 16px; color: #666666;\">Turbinas y generadores<\/span><\/li>\n<li><span style=\"font-size: 16px; color: #666666;\">Equipos el\u00e9ctricos e industriales, incluyendo bobinados, barras (en tensi\u00f3n o inertes) y tableros<\/span><\/li>\n<li><span style=\"font-size: 16px; color: #666666;\">Industria alimentaria y farmac\u00e9utica<\/span><\/li>\n<\/ul>\n<\/li>\n<\/ul>\n<\/div><\/div><\/div><div class=\"cz_gap clr  hide_on_mobile\" style=\"height: 30px\"><\/div><div class=\"cz_gap show_on_mobile clr\" style=\"height: 50px\"><\/div>[\/vc_column][vc_column width=\u00bb1\/2&#8243;]<div class=\"cz_gap clr  hide_on_mobile\" style=\"height: 40px\"><\/div><div class=\"cz_gap show_on_mobile clr\" style=\"height: 50px\"><\/div><div id=\"cz_97548\" class=\"cz_97548 cz_title clr cz_title_pos_inline\"><div class=\"cz_title_content\"><div class=\"cz_wpe_content\"><p><span style=\"font-size: 16px; color: #666666;\"><strong>Limpieza Laser<\/strong><\/span><\/p>\n<ul>\n<li style=\"list-style-type: none;\">\n<ul>\n<li><span style=\"font-size: 16px; color: #666666;\">El contaminante absorbe m\u00e1s energ\u00eda del l\u00e1ser que el sustrato (acero, aluminio, cobre, etc.).<\/span><\/li>\n<li><span style=\"font-size: 16px; color: #666666;\">Esa energ\u00eda genera efectos fotot\u00e9rmicos\/fotomec\u00e1nicos: micro calentamiento, micro explosiones y ondas de choque que despegan la capa sucia.<\/span><\/li>\n<li><span style=\"font-size: 16px; color: #666666;\">El l\u00e1ser se mueve en patrones (l\u00edneas\/hatch) controlando potencia, frecuencia y velocidad para limpiar s\u00f3lo donde hace falta.<\/span><\/li>\n<\/ul>\n<\/li>\n<\/ul>\n<p style=\"padding-left: 40px;\"><span style=\"font-size: 16px; color: #666666;\"><strong>Ventajas Clave<\/strong><\/span><\/p>\n<ul>\n<li style=\"list-style-type: none;\">\n<ul>\n<li><span style=\"font-size: 16px; color: #666666;\">No contacta y no abrasiva, no raya ni desgasta la pieza.<\/span><\/li>\n<li><span style=\"font-size: 16px; color: #666666;\">Sin qu\u00edmicos ni granalla: casi sin residuos (s\u00f3lo el contaminante desprendido).<\/span><\/li>\n<li><span style=\"font-size: 16px; color: #666666;\">Precisi\u00f3n milim\u00e9trica: ideal para zonas sensibles, soldaduras, geometr\u00edas complejas.<\/span><\/li>\n<li><span style=\"font-size: 16px; color: #666666;\">Repetible y trazable: par\u00e1metros digitales \u2192 mismo resultado una y otra vez.<\/span><\/li>\n<li><span style=\"font-size: 16px; color: #666666;\">Menos tiempos de parada comparado con m\u00e9todos tradicionales en trabajos localizados.<\/span><\/li>\n<\/ul>\n<\/li>\n<\/ul>\n<p><span style=\"font-size: 16px; color: #666666;\"><span style=\"font-size: 16px; color: #666666;\">ANDINA TURBOMECANICA S.A. cuenta con tecnolog\u00eda de punta y personal altamente calificado para ofrecer servicios de limpieza eficientes, seguros y sostenibles. Nuestro compromiso es mantener sus equipos operando al m\u00e1ximo rendimiento, minimizando su indisponibilidad, y con el menor impacto ambiental.<br \/>\nEl equipo m\u00f3vil de ANDINA TURBOMECANICA nos permite ejecutar faenas en lugares muy remotos y en cualesquiera condiciones clim\u00e1ticas, es decir desde las llanuras patag\u00f3nicas hasta las zonas m\u00e1s altas y retiradas de la cordillera de los Andes, zonas de clima tropical tales como Misiones, etc.. cual sea la distancia de la planta hasta la ciudad m\u00e1s cercana.<\/span><\/span><\/p>\n<\/div><\/div><\/div><div class=\"cz_gap clr  hide_on_mobile\" style=\"height: 30px\"><\/div><div class=\"cz_gap show_on_mobile clr\" style=\"height: 50px\"><\/div><div class=\"cz_gap clr  hide_on_mobile\" style=\"height: 30px\"><\/div><div class=\"cz_gap show_on_mobile clr\" style=\"height: 50px\"><\/div>[\/vc_column][\/vc_row][vc_row][vc_column]<div class=\"cz_gap clr  hide_on_mobile\" style=\"height: 30px\"><\/div><div class=\"cz_gap show_on_mobile clr\" style=\"height: 50px\"><\/div>[\/vc_column][\/vc_row]<\/p>\n<\/div>","protected":false},"excerpt":{"rendered":"[vc_row equal_height=\"yes\" content_placement=\"middle\"][vc_column width=\"1\/2\"]Servicio de limpieza alta tecnologia Grupo ATM incorpora servicio de limpieza criog\u00e9nica y limpieza laser de alta","protected":false},"author":2,"featured_media":0,"parent":0,"menu_order":0,"comment_status":"closed","ping_status":"closed","template":"","meta":{"footnotes":""},"class_list":["post-2168","page","type-page","status-publish","hentry"],"_links":{"self":[{"href":"https:\/\/atmsrv01.synology.me\/wordpress\/wp-json\/wp\/v2\/pages\/2168","targetHints":{"allow":["GET"]}}],"collection":[{"href":"https:\/\/atmsrv01.synology.me\/wordpress\/wp-json\/wp\/v2\/pages"}],"about":[{"href":"https:\/\/atmsrv01.synology.me\/wordpress\/wp-json\/wp\/v2\/types\/page"}],"author":[{"embeddable":true,"href":"https:\/\/atmsrv01.synology.me\/wordpress\/wp-json\/wp\/v2\/users\/2"}],"replies":[{"embeddable":true,"href":"https:\/\/atmsrv01.synology.me\/wordpress\/wp-json\/wp\/v2\/comments?post=2168"}],"version-history":[{"count":7,"href":"https:\/\/atmsrv01.synology.me\/wordpress\/wp-json\/wp\/v2\/pages\/2168\/revisions"}],"predecessor-version":[{"id":2196,"href":"https:\/\/atmsrv01.synology.me\/wordpress\/wp-json\/wp\/v2\/pages\/2168\/revisions\/2196"}],"wp:attachment":[{"href":"https:\/\/atmsrv01.synology.me\/wordpress\/wp-json\/wp\/v2\/media?parent=2168"}],"curies":[{"name":"wp","href":"https:\/\/api.w.org\/{rel}","templated":true}]}}