{"id":2232,"date":"2026-03-30T19:13:06","date_gmt":"2026-03-30T19:13:06","guid":{"rendered":"https:\/\/atmsrv01.synology.me\/wordpress\/?page_id=2232"},"modified":"2026-03-30T20:45:40","modified_gmt":"2026-03-30T20:45:40","slug":"oxytane","status":"publish","type":"page","link":"https:\/\/atmsrv01.synology.me\/wordpress\/oxytane\/","title":{"rendered":"Oxytane"},"content":{"rendered":"<div class=\"wpb-content-wrapper\"><p>[vc_row equal_height=\u00bbyes\u00bb content_placement=\u00bbmiddle\u00bb][vc_column width=\u00bb1\/2&#8243;]<div class=\"cz_gap clr  hide_on_mobile\" style=\"height: 110px\"><\/div><div class=\"cz_gap show_on_mobile clr\" style=\"height: 0px\"><\/div><div id=\"cz_10515\" class=\"cz_10515 cz_title clr cz_title_pos_inline tac hide_on_mobile\"><div class=\"cz_title_shape shape_image cz_shape_1\"><img decoding=\"async\" width=\"228\" height=\"400\" src=\"https:\/\/atmsrv01.synology.me\/wordpress\/wp-content\/uploads\/2025\/05\/HOJA.png\" class=\"attachment-full\" alt=\"HOJA\" srcset=\"https:\/\/atmsrv01.synology.me\/wordpress\/wp-content\/uploads\/2025\/05\/HOJA.png 228w, https:\/\/atmsrv01.synology.me\/wordpress\/wp-content\/uploads\/2025\/05\/HOJA-171x300.png 171w, https:\/\/atmsrv01.synology.me\/wordpress\/wp-content\/uploads\/2025\/05\/HOJA-7x12.png 7w\" sizes=\"auto, (max-width: 228px) 100vw, 228px\" loading=\"lazy\" \/><\/div><div class=\"cz_title_content\"><div class=\"cz_wpe_content\"><h2 style=\"text-align: center; text-transform: uppercase;\">O X Y T A N E<\/h2>\n<\/div><\/div><\/div><div class=\"cz_gap clr \" style=\"height: 20px\"><\/div><div id=\"cz_8323\" class=\"cz_8323 cz_title clr cz_title_pos_inline tac\"><div class=\"cz_title_content\"><div class=\"cz_wpe_content\"><p style=\"text-align: center;\"><span style=\"font-size: 20px; color: #666666;\">Oxytane\u00ae es un tratamiento de combustible que mejora el ahorro de combustible y reduce sustancialmente todas las emisiones t\u00f3xicas de escape. Oxytane\u00ae est\u00e1 dise\u00f1ado y fabricado qu\u00edmicamente para estabilizar la densidad del combustible, lo que da como resultado una combusti\u00f3n m\u00e1s limpia que aumenta la eficiencia del motor. Oxytane\u00ae es el resultado de una intensa investigaci\u00f3n y desarrollo y es uno de los pocos tratamientos de combustible en el mundo que cumple con la norma EN-590<\/span><\/p>\n<\/div><\/div><\/div><div class=\"cz_gap clr \" style=\"height: 40px\"><\/div>[\/vc_column][vc_column width=\u00bb1\/2&#8243;]<div class=\"cz_gap clr \" style=\"height: 60px\"><\/div><div id=\"cz_8991\" data-position=\"top-right\" class=\"cz_8991 cz_image clr cz_image_no_fx center_on_mobile\"><div class=\"cz_svg_bg\" ><div class=\"cz_image_in\"><div class=\"cz_main_image\"><img fetchpriority=\"high\" loading=\"eager\" decoding=\"sync\" data-no-lazy=\"1\" width=\"678\" height=\"426\" src=\"https:\/\/atmsrv01.synology.me\/wordpress\/wp-content\/uploads\/2026\/03\/Oxi-Logo.png\" class=\"attachment-full\" alt=\"Oxi Logo\" title=\"Oxi-Logo\" srcset=\"https:\/\/atmsrv01.synology.me\/wordpress\/wp-content\/uploads\/2026\/03\/Oxi-Logo.png 678w, https:\/\/atmsrv01.synology.me\/wordpress\/wp-content\/uploads\/2026\/03\/Oxi-Logo-300x188.png 300w, https:\/\/atmsrv01.synology.me\/wordpress\/wp-content\/uploads\/2026\/03\/Oxi-Logo-600x377.png 600w\" sizes=\"(max-width: 678px) 100vw, 678px\"  \/><\/div><\/div><\/div><\/div><div class=\"cz_gap clr \" style=\"height: 60px\"><\/div>[\/vc_column][\/vc_row][vc_row full_width=\u00bbstretch_row\u00bb css=\u00bb.vc_custom_1747185625606{background-color: #F4F4F4 !important;}\u00bb][vc_column width=\u00bb2\/3&#8243;]<div class=\"cz_gap clr  hide_on_mobile\" style=\"height: 40px\"><\/div><div class=\"cz_gap show_on_mobile clr\" style=\"height: 50px\"><\/div><div id=\"cz_4487\" class=\"cz_4487 cz_title clr cz_title_pos_inline\"><div class=\"cz_title_content\"><div class=\"cz_wpe_content\"><p style=\"text-align: justify;\"><span style=\"font-size: 16px; color: #666666;\"><br \/>\nOxitane\u00ae tambi\u00e9n aumentar\u00e1 el consumo de combustible en un m\u00ednimo de un 25% y m\u00e1s de un aumento, reduciendo el ruido y las vibraciones del motor.<\/span><\/p>\n<p style=\"text-align: justify;\"><span style=\"font-size: 16px; color: #666666;\"><br \/>\nInstituciones internacionales y gubernamentales han confirmado los resultados del uso de Oxitane\u00ae.<br \/>\n<\/span><\/p>\n<p>&nbsp;<\/p>\n<p style=\"text-align: justify;\"><span style=\"font-size: 16px; color: #666666;\">Consistente en la reducci\u00f3n y superaci\u00f3n de emisiones m\u00e1s all\u00e1 de los est\u00e1ndares de cumplimiento de emisiones 2040 establecidos por el colectivo del Gobierno Internacional. El aumento en la eficiencia de combustible est\u00e1 confirmado por todos nuestros clientes industriales internacionales, minas, navieras y empresas de log\u00edstica, todas confirman un aumento en la eficiencia de combustible por encima del 25% que afirmamos.<\/span><\/p>\n<p>&nbsp;<\/p>\n<p style=\"text-align: justify;\"><span style=\"font-size: 16px; color: #666666;\">Cada veh\u00edculo y motor que utiliza oxitano\u00ae mezclado en su combustible cumple inmediatamente con las emisiones 2040 NOW!!.<br \/>\n<\/span><\/p>\n<\/div><\/div><\/div><div class=\"cz_gap clr  hide_on_mobile\" style=\"height: 40px\"><\/div><div class=\"cz_gap show_on_mobile clr\" style=\"height: 20px\"><\/div>[\/vc_column][vc_column width=\u00bb1\/3&#8243;]<div class=\"cz_gap clr  hide_on_mobile\" style=\"height: 40px\"><\/div><div class=\"cz_gap show_on_mobile clr\" style=\"height: 0px\"><\/div><div id=\"cz_1556\" data-position=\"top-right\" class=\"cz_1556 cz_image clr cz_image_no_fx center_on_mobile\"><div class=\"cz_svg_bg\" ><div class=\"cz_image_in\"><div class=\"cz_main_image\"><img decoding=\"async\" width=\"600\" height=\"600\" src=\"https:\/\/atmsrv01.synology.me\/wordpress\/wp-content\/uploads\/2026\/03\/Oxi-01.png\" class=\"attachment-full\" alt=\"Oxi 01\" title=\"Oxi-01\" srcset=\"https:\/\/atmsrv01.synology.me\/wordpress\/wp-content\/uploads\/2026\/03\/Oxi-01.png 600w, https:\/\/atmsrv01.synology.me\/wordpress\/wp-content\/uploads\/2026\/03\/Oxi-01-300x300.png 300w, https:\/\/atmsrv01.synology.me\/wordpress\/wp-content\/uploads\/2026\/03\/Oxi-01-150x150.png 150w\" sizes=\"auto, (max-width: 600px) 100vw, 600px\" loading=\"lazy\" \/><\/div><\/div><\/div><\/div><div class=\"cz_gap clr  hide_on_mobile\" style=\"height: 40px\"><\/div><div class=\"cz_gap show_on_mobile clr\" style=\"height: 50px\"><\/div>[\/vc_column][\/vc_row][vc_row full_width=\u00bbstretch_row\u00bb][vc_column width=\u00bb2\/3&#8243;]<div class=\"cz_gap clr  hide_on_mobile\" style=\"height: 40px\"><\/div><div class=\"cz_gap show_on_mobile clr\" style=\"height: 50px\"><\/div><div id=\"cz_6890\" class=\"cz_6890 cz_title clr cz_title_pos_inline\"><div class=\"cz_title_content\"><div class=\"cz_wpe_content\"><ul>\n<li style=\"text-align: justify;\"><span style=\"font-size: 16px; color: #666666;\">Oxytane\u00ae est\u00e1 dise\u00f1ado y fabricado qu\u00edmicamente para estabilizar la densidad del combustible, lo que da como resultado una combusti\u00f3n m\u00e1s limpia y completa y ahorros de energ\u00eda.<br \/>\n<\/span><\/li>\n<\/ul>\n<div class=\"icon-inner\"><\/div>\n<ul>\n<li style=\"text-align: justify;\"><span style=\"font-size: 16px; color: #666666;\">\u00a0Oxytane\u00ae limpia el carbono que se acumula en la c\u00e1mara de combusti\u00f3n, lo que reduce el rendimiento y el ahorro de combustible.<br \/>\n<\/span><\/li>\n<\/ul>\n<div class=\"icon-inner\"><\/div>\n<ul>\n<li style=\"text-align: justify;\"><span style=\"font-size: 16px; color: #666666;\">Oxytane\u00ae Restaura el rendimiento y el ahorro de combustible m\u00e1s all\u00e1 de la condici\u00f3n nueva del motor.<br \/>\n<\/span><\/li>\n<\/ul>\n<div class=\"icon-inner\"><\/div>\n<ul>\n<li style=\"text-align: justify;\"><span style=\"font-size: 16px; color: #666666;\">Oxytane\u00ae cumple con la norma europea EN590 y la norma estadounidense e internacional ASTM cuando se mezcla con combustibles convencionales.<\/span><span style=\"color: #666666;\">moderno<\/span><\/li>\n<\/ul>\n<\/div><\/div><\/div><div class=\"cz_gap clr  hide_on_mobile\" style=\"height: 40px\"><\/div><div class=\"cz_gap show_on_mobile clr\" style=\"height: 20px\"><\/div>[\/vc_column][vc_column width=\u00bb1\/3&#8243;]<div class=\"cz_gap clr  hide_on_mobile\" style=\"height: 40px\"><\/div><div class=\"cz_gap show_on_mobile clr\" style=\"height: 0px\"><\/div><div id=\"cz_6369\" data-position=\"top-right\" class=\"cz_6369 cz_image clr cz_image_no_fx center_on_mobile\"><div class=\"cz_svg_bg\" ><div class=\"cz_image_in\"><div class=\"cz_main_image\"><img decoding=\"async\" width=\"612\" height=\"408\" src=\"https:\/\/atmsrv01.synology.me\/wordpress\/wp-content\/uploads\/2026\/03\/Oxi-02.png\" class=\"attachment-full\" alt=\"Oxi 02\" title=\"Oxi-02\" srcset=\"https:\/\/atmsrv01.synology.me\/wordpress\/wp-content\/uploads\/2026\/03\/Oxi-02.png 612w, https:\/\/atmsrv01.synology.me\/wordpress\/wp-content\/uploads\/2026\/03\/Oxi-02-300x200.png 300w, https:\/\/atmsrv01.synology.me\/wordpress\/wp-content\/uploads\/2026\/03\/Oxi-02-600x400.png 600w\" sizes=\"auto, (max-width: 612px) 100vw, 612px\" loading=\"lazy\" \/><\/div><\/div><\/div><\/div><div class=\"cz_gap clr  hide_on_mobile\" style=\"height: 40px\"><\/div><div class=\"cz_gap show_on_mobile clr\" style=\"height: 50px\"><\/div>[\/vc_column][\/vc_row]<\/p>\n<\/div>","protected":false},"excerpt":{"rendered":"[vc_row equal_height=\"yes\" content_placement=\"middle\"][vc_column width=\"1\/2\"]O X Y T A N E Oxytane\u00ae es un tratamiento de combustible que mejora el ahorro","protected":false},"author":2,"featured_media":0,"parent":0,"menu_order":0,"comment_status":"closed","ping_status":"closed","template":"","meta":{"footnotes":""},"class_list":["post-2232","page","type-page","status-publish","hentry"],"_links":{"self":[{"href":"https:\/\/atmsrv01.synology.me\/wordpress\/wp-json\/wp\/v2\/pages\/2232","targetHints":{"allow":["GET"]}}],"collection":[{"href":"https:\/\/atmsrv01.synology.me\/wordpress\/wp-json\/wp\/v2\/pages"}],"about":[{"href":"https:\/\/atmsrv01.synology.me\/wordpress\/wp-json\/wp\/v2\/types\/page"}],"author":[{"embeddable":true,"href":"https:\/\/atmsrv01.synology.me\/wordpress\/wp-json\/wp\/v2\/users\/2"}],"replies":[{"embeddable":true,"href":"https:\/\/atmsrv01.synology.me\/wordpress\/wp-json\/wp\/v2\/comments?post=2232"}],"version-history":[{"count":4,"href":"https:\/\/atmsrv01.synology.me\/wordpress\/wp-json\/wp\/v2\/pages\/2232\/revisions"}],"predecessor-version":[{"id":2241,"href":"https:\/\/atmsrv01.synology.me\/wordpress\/wp-json\/wp\/v2\/pages\/2232\/revisions\/2241"}],"wp:attachment":[{"href":"https:\/\/atmsrv01.synology.me\/wordpress\/wp-json\/wp\/v2\/media?parent=2232"}],"curies":[{"name":"wp","href":"https:\/\/api.w.org\/{rel}","templated":true}]}}